{"id":23,"date":"2025-11-27T08:51:50","date_gmt":"2025-11-27T08:51:50","guid":{"rendered":"http:\/\/3.75.194.57\/?page_id=23"},"modified":"2026-02-20T11:00:25","modified_gmt":"2026-02-20T11:00:25","slug":"rreth-nesh","status":"publish","type":"page","link":"https:\/\/weca.al\/en\/rreth-nesh\/","title":{"rendered":"About Us"},"content":{"rendered":"<div data-elementor-type=\"wp-page\" data-elementor-id=\"23\" class=\"elementor elementor-23\" data-elementor-post-type=\"page\">\n\t\t\t\t<div class=\"elementor-element elementor-element-8ed3451 e-con-full e-flex e-con e-parent\" data-id=\"8ed3451\" data-element_type=\"container\" data-e-type=\"container\" data-settings=\"{&quot;background_background&quot;:&quot;classic&quot;}\">\n\t\t\t\t<\/div>\n\t\t<div class=\"elementor-element elementor-element-80ea8d9 e-con-full e-flex e-con e-parent\" data-id=\"80ea8d9\" data-element_type=\"container\" data-e-type=\"container\" data-settings=\"{&quot;background_background&quot;:&quot;classic&quot;}\">\n\t\t<div class=\"elementor-element elementor-element-6ed4274 e-con-full e-flex e-con e-child\" data-id=\"6ed4274\" data-element_type=\"container\" data-e-type=\"container\">\n\t\t\t\t<div class=\"elementor-element elementor-element-1a523ad elementor-widget elementor-widget-heading\" data-id=\"1a523ad\" data-element_type=\"widget\" data-e-type=\"widget\" data-widget_type=\"heading.default\">\n\t\t\t\t\t<h2 class=\"elementor-heading-title elementor-size-default\">About Us<\/h2>\t\t\t\t<\/div>\n\t\t\t\t<\/div>\n\t\t<div class=\"elementor-element elementor-element-40a1e0e e-con-full e-flex e-con e-child\" data-id=\"40a1e0e\" data-element_type=\"container\" data-e-type=\"container\">\n\t\t\t\t<div class=\"elementor-element elementor-element-4b4a829 elementor-widget elementor-widget-text-editor\" data-id=\"4b4a829\" data-element_type=\"widget\" data-e-type=\"widget\" data-widget_type=\"text-editor.default\">\n\t\t\t\t\t\t\t\t\t<p>The shared interest of a group of entrepreneurial and professional women to influence society in strengthening female entrepreneurship and careers is embodied in the WOMEN\u2019S ECONOMIC CHAMBER.<br \/>After decades of experience in various fields of business and consulting, this group of women is able to synchronize knowledge, energy, and the desire to contribute, and pass this on to many other enterprises as well.<\/p><p>Grat\u00eb n\u00eb karrier\u00eb e biznes p\u00ebrballen me sfida t\u00eb m\u00ebdha n\u00eb nivel lokal dhe global: studime t\u00eb shumta flasin p\u00ebr aksesin e ul\u00ebt t\u00eb gruas n\u00eb financa krahasuar me meshkujt, nd\u00ebrsa n\u00eb vendet n\u00eb zhvillim, sfidat e gruas jan\u00eb edhe m\u00eb komplekse. Por, nj\u00ebkoh\u00ebsisht gruaja \u00ebsht\u00eb potencial i madh dhe burim i pashtersh\u00ebm energjie. Pik\u00ebrisht ajo q\u00eb i nevojitet ekonomis\u00eb dhe vendit ton\u00eb.<\/p><p>Ndaj, q\u00ebllimi i shoqat\u00ebs \u00ebsht\u00eb mbrojtja e interesave ekonomike dhe sociale t\u00eb grave sip\u00ebrmarr\u00ebse, profesioniste dhe t\u00eb vet\u00ebpun\u00ebsuara nga t\u00eb gjitha sektor\u00ebt e ekonomis\u00eb dhe ofrimi I sh\u00ebrbimeve ndaj tyre p\u00ebrmes zhvillimit t\u00eb politikave favorizuese per mb\u00ebshtetjen ekonomike dhe sociale, veprimtarive promovuese dhe zhvilluese, bashk\u00ebpunimeve komb\u00ebtare dhe rajonale, studime, botime, projekteve dhe konsulencave.<\/p>\t\t\t\t\t\t\t\t<\/div>\n\t\t<div class=\"elementor-element elementor-element-af4a092 e-con-full e-flex e-con e-child\" data-id=\"af4a092\" data-element_type=\"container\" data-e-type=\"container\">\n\t\t\t\t<div class=\"elementor-element elementor-element-7c1b76a elementor-widget elementor-widget-heading\" data-id=\"7c1b76a\" data-element_type=\"widget\" data-e-type=\"widget\" data-widget_type=\"heading.default\">\n\t\t\t\t\t<h2 class=\"elementor-heading-title elementor-size-default\">List of the 11 founders of WECA:\n<\/h2>\t\t\t\t<\/div>\n\t\t\t\t<div class=\"elementor-element elementor-element-3d67295 elementor-widget elementor-widget-text-editor\" data-id=\"3d67295\" data-element_type=\"widget\" data-e-type=\"widget\" data-widget_type=\"text-editor.default\">\n\t\t\t\t\t\t\t\t\t<ul><li>Antonela Hako<\/li><li>Antoneta Ndreka<\/li><li>Valbona Begolli<\/li><li>Klodiana Ajazi<\/li><li>Ylldise Brahimaj<\/li><li>Alida Kondi<\/li><li>Albana Mucaj<\/li><li>Eglantina Aliaj<\/li><li>Loanta Kapaj<\/li><li>Tereze Gegaj<\/li><li>Irena Toci.<\/li><\/ul>\t\t\t\t\t\t\t\t<\/div>\n\t\t\t\t<\/div>\n\t\t\t\t<\/div>\n\t\t\t\t<\/div>\n\t\t<div class=\"elementor-element elementor-element-f11fab9 e-con-full e-flex e-con e-parent\" data-id=\"f11fab9\" data-element_type=\"container\" data-e-type=\"container\" data-settings=\"{&quot;background_background&quot;:&quot;classic&quot;}\">\n\t\t<div class=\"elementor-element elementor-element-a98880e e-con-full e-flex e-con e-child\" data-id=\"a98880e\" data-element_type=\"container\" data-e-type=\"container\">\n\t\t\t\t<div class=\"elementor-element elementor-element-1e014a9 elementor-widget elementor-widget-heading\" data-id=\"1e014a9\" data-element_type=\"widget\" data-e-type=\"widget\" data-widget_type=\"heading.default\">\n\t\t\t\t\t<h2 class=\"elementor-heading-title elementor-size-default\">Mission<\/h2>\t\t\t\t<\/div>\n\t\t\t\t<\/div>\n\t\t<div class=\"elementor-element elementor-element-08bac64 e-grid e-con-full e-con e-child\" data-id=\"08bac64\" data-element_type=\"container\" data-e-type=\"container\">\n\t\t<div class=\"elementor-element elementor-element-b0c657c e-con-full e-flex e-con e-child\" data-id=\"b0c657c\" data-element_type=\"container\" data-e-type=\"container\" data-settings=\"{&quot;background_background&quot;:&quot;classic&quot;}\">\n\t\t\t\t<div class=\"elementor-element elementor-element-6d6609e elementor-widget elementor-widget-image\" data-id=\"6d6609e\" data-element_type=\"widget\" data-e-type=\"widget\" data-widget_type=\"image.default\">\n\t\t\t\t\t\t\t\t\t\t\t\t\t\t\t<img decoding=\"async\" width=\"111\" height=\"6\" data-src=\"https:\/\/weca.al\/wp-content\/uploads\/2025\/12\/Rectangle-13.svg\" class=\"attachment-full size-full wp-image-296 lazyload\" alt=\"\" src=\"data:image\/svg+xml;base64,PHN2ZyB3aWR0aD0iMSIgaGVpZ2h0PSIxIiB4bWxucz0iaHR0cDovL3d3dy53My5vcmcvMjAwMC9zdmciPjwvc3ZnPg==\" style=\"--smush-placeholder-width: 111px; --smush-placeholder-aspect-ratio: 111\/6;\" \/>\t\t\t\t\t\t\t\t\t\t\t\t\t\t\t<\/div>\n\t\t\t\t<div class=\"elementor-element elementor-element-0d93686 elementor-widget__width-initial elementor-widget elementor-widget-text-editor\" data-id=\"0d93686\" data-element_type=\"widget\" data-e-type=\"widget\" data-widget_type=\"text-editor.default\">\n\t\t\t\t\t\t\t\t\t<p>Collaboration with central and local authorities and international organizations to design policies and programs that promote the economic and social empowerment of women.<\/p>\t\t\t\t\t\t\t\t<\/div>\n\t\t\t\t<\/div>\n\t\t<div class=\"elementor-element elementor-element-ac8053d e-con-full e-flex e-con e-child\" data-id=\"ac8053d\" data-element_type=\"container\" data-e-type=\"container\" data-settings=\"{&quot;background_background&quot;:&quot;classic&quot;}\">\n\t\t\t\t<div class=\"elementor-element elementor-element-529cd39 elementor-widget elementor-widget-image\" data-id=\"529cd39\" data-element_type=\"widget\" data-e-type=\"widget\" data-widget_type=\"image.default\">\n\t\t\t\t\t\t\t\t\t\t\t\t\t\t\t<img decoding=\"async\" width=\"111\" height=\"6\" data-src=\"https:\/\/weca.al\/wp-content\/uploads\/2025\/12\/Rectangle-13.svg\" class=\"attachment-full size-full wp-image-296 lazyload\" alt=\"\" src=\"data:image\/svg+xml;base64,PHN2ZyB3aWR0aD0iMSIgaGVpZ2h0PSIxIiB4bWxucz0iaHR0cDovL3d3dy53My5vcmcvMjAwMC9zdmciPjwvc3ZnPg==\" style=\"--smush-placeholder-width: 111px; --smush-placeholder-aspect-ratio: 111\/6;\" \/>\t\t\t\t\t\t\t\t\t\t\t\t\t\t\t<\/div>\n\t\t\t\t<div class=\"elementor-element elementor-element-c79e8db elementor-widget__width-initial elementor-widget elementor-widget-text-editor\" data-id=\"c79e8db\" data-element_type=\"widget\" data-e-type=\"widget\" data-widget_type=\"text-editor.default\">\n\t\t\t\t\t\t\t\t\t<p>Design and implementation of projects related to the association\u2019s objectives, funded by donors and various programs.<\/p>\t\t\t\t\t\t\t\t<\/div>\n\t\t\t\t<\/div>\n\t\t<div class=\"elementor-element elementor-element-797e9a6 e-con-full e-flex e-con e-child\" data-id=\"797e9a6\" data-element_type=\"container\" data-e-type=\"container\" data-settings=\"{&quot;background_background&quot;:&quot;classic&quot;}\">\n\t\t\t\t<div class=\"elementor-element elementor-element-7fde195 elementor-widget elementor-widget-image\" data-id=\"7fde195\" data-element_type=\"widget\" data-e-type=\"widget\" data-widget_type=\"image.default\">\n\t\t\t\t\t\t\t\t\t\t\t\t\t\t\t<img decoding=\"async\" width=\"111\" height=\"6\" data-src=\"https:\/\/weca.al\/wp-content\/uploads\/2025\/12\/Rectangle-13.svg\" class=\"attachment-full size-full wp-image-296 lazyload\" alt=\"\" src=\"data:image\/svg+xml;base64,PHN2ZyB3aWR0aD0iMSIgaGVpZ2h0PSIxIiB4bWxucz0iaHR0cDovL3d3dy53My5vcmcvMjAwMC9zdmciPjwvc3ZnPg==\" style=\"--smush-placeholder-width: 111px; --smush-placeholder-aspect-ratio: 111\/6;\" \/>\t\t\t\t\t\t\t\t\t\t\t\t\t\t\t<\/div>\n\t\t\t\t<div class=\"elementor-element elementor-element-7aab29f elementor-widget__width-initial elementor-widget elementor-widget-text-editor\" data-id=\"7aab29f\" data-element_type=\"widget\" data-e-type=\"widget\" data-widget_type=\"text-editor.default\">\n\t\t\t\t\t\t\t\t\t<p>Preparation of training programs and delivery of professional training for small and medium-sized enterprises (SMEs) and self-employed individuals, as well as new women-led businesses, to enhance their professional capacity in managing and leading their businesses.<\/p>\t\t\t\t\t\t\t\t<\/div>\n\t\t\t\t<\/div>\n\t\t<div class=\"elementor-element elementor-element-5f81b91 e-con-full e-flex e-con e-child\" data-id=\"5f81b91\" data-element_type=\"container\" data-e-type=\"container\" data-settings=\"{&quot;background_background&quot;:&quot;classic&quot;}\">\n\t\t\t\t<div class=\"elementor-element elementor-element-dbd68ba elementor-widget elementor-widget-image\" data-id=\"dbd68ba\" data-element_type=\"widget\" data-e-type=\"widget\" data-widget_type=\"image.default\">\n\t\t\t\t\t\t\t\t\t\t\t\t\t\t\t<img decoding=\"async\" width=\"111\" height=\"6\" data-src=\"https:\/\/weca.al\/wp-content\/uploads\/2025\/12\/Rectangle-13.svg\" class=\"attachment-full size-full wp-image-296 lazyload\" alt=\"\" src=\"data:image\/svg+xml;base64,PHN2ZyB3aWR0aD0iMSIgaGVpZ2h0PSIxIiB4bWxucz0iaHR0cDovL3d3dy53My5vcmcvMjAwMC9zdmciPjwvc3ZnPg==\" style=\"--smush-placeholder-width: 111px; --smush-placeholder-aspect-ratio: 111\/6;\" \/>\t\t\t\t\t\t\t\t\t\t\t\t\t\t\t<\/div>\n\t\t\t\t<div class=\"elementor-element elementor-element-f5c436e elementor-widget__width-initial elementor-widget elementor-widget-text-editor\" data-id=\"f5c436e\" data-element_type=\"widget\" data-e-type=\"widget\" data-widget_type=\"text-editor.default\">\n\t\t\t\t\t\t\t\t\t<p>Consulting and technical assistance for Albanian SMEs in strategic business planning, the use of innovative marketing and management techniques, business plans, and more.<\/p>\t\t\t\t\t\t\t\t<\/div>\n\t\t\t\t<\/div>\n\t\t<div class=\"elementor-element elementor-element-f5b5fd0 e-con-full e-flex e-con e-child\" data-id=\"f5b5fd0\" data-element_type=\"container\" data-e-type=\"container\" data-settings=\"{&quot;background_background&quot;:&quot;classic&quot;}\">\n\t\t\t\t<div class=\"elementor-element elementor-element-b2e0ff8 elementor-widget elementor-widget-image\" data-id=\"b2e0ff8\" data-element_type=\"widget\" data-e-type=\"widget\" data-widget_type=\"image.default\">\n\t\t\t\t\t\t\t\t\t\t\t\t\t\t\t<img decoding=\"async\" width=\"111\" height=\"6\" data-src=\"https:\/\/weca.al\/wp-content\/uploads\/2025\/12\/Rectangle-13.svg\" class=\"attachment-full size-full wp-image-296 lazyload\" alt=\"\" src=\"data:image\/svg+xml;base64,PHN2ZyB3aWR0aD0iMSIgaGVpZ2h0PSIxIiB4bWxucz0iaHR0cDovL3d3dy53My5vcmcvMjAwMC9zdmciPjwvc3ZnPg==\" style=\"--smush-placeholder-width: 111px; --smush-placeholder-aspect-ratio: 111\/6;\" \/>\t\t\t\t\t\t\t\t\t\t\t\t\t\t\t<\/div>\n\t\t\t\t<div class=\"elementor-element elementor-element-602a173 elementor-widget__width-initial elementor-widget elementor-widget-text-editor\" data-id=\"602a173\" data-element_type=\"widget\" data-e-type=\"widget\" data-widget_type=\"text-editor.default\">\n\t\t\t\t\t\t\t\t\t<p>Veprimtari mb\u00ebshtet\u00ebse p\u00ebr nd\u00ebrkomb\u00ebtarizimin e SME-ve t\u00eb grave n\u00ebp\u00ebrmjet promovimit t\u00eb veprimtarive prodhuese, t\u00eb tregtis\u00eb, t\u00eb prodhimeve artizanale lokale, t\u00eb promovimit t\u00eb tradit\u00ebs kulturore dhe etnografike, promovimit t\u00eb fashion dhe design n\u00eb panaireve, takime, konferenca, seminare.<\/p>\t\t\t\t\t\t\t\t<\/div>\n\t\t\t\t<\/div>\n\t\t<div class=\"elementor-element elementor-element-023bba3 e-con-full e-flex e-con e-child\" data-id=\"023bba3\" data-element_type=\"container\" data-e-type=\"container\" data-settings=\"{&quot;background_background&quot;:&quot;classic&quot;}\">\n\t\t\t\t<div class=\"elementor-element elementor-element-e8f630d elementor-widget elementor-widget-image\" data-id=\"e8f630d\" data-element_type=\"widget\" data-e-type=\"widget\" data-widget_type=\"image.default\">\n\t\t\t\t\t\t\t\t\t\t\t\t\t\t\t<img decoding=\"async\" width=\"111\" height=\"6\" data-src=\"https:\/\/weca.al\/wp-content\/uploads\/2025\/12\/Rectangle-13.svg\" class=\"attachment-full size-full wp-image-296 lazyload\" alt=\"\" src=\"data:image\/svg+xml;base64,PHN2ZyB3aWR0aD0iMSIgaGVpZ2h0PSIxIiB4bWxucz0iaHR0cDovL3d3dy53My5vcmcvMjAwMC9zdmciPjwvc3ZnPg==\" style=\"--smush-placeholder-width: 111px; --smush-placeholder-aspect-ratio: 111\/6;\" \/>\t\t\t\t\t\t\t\t\t\t\t\t\t\t\t<\/div>\n\t\t\t\t<div class=\"elementor-element elementor-element-f3bebb0 elementor-widget__width-initial elementor-widget elementor-widget-text-editor\" data-id=\"f3bebb0\" data-element_type=\"widget\" data-e-type=\"widget\" data-widget_type=\"text-editor.default\">\n\t\t\t\t\t\t\t\t\t<p>Specific studies, analyses, and market research for various sectors of the economy to ensure proper orientation toward sectors with growth trends, as well as publications, manuals, guides, or catalogs on topics from different fields, etc.<\/p>\t\t\t\t\t\t\t\t<\/div>\n\t\t\t\t<\/div>\n\t\t<div class=\"elementor-element elementor-element-2616a88 e-con-full e-flex e-con e-child\" data-id=\"2616a88\" data-element_type=\"container\" data-e-type=\"container\" data-settings=\"{&quot;background_background&quot;:&quot;classic&quot;}\">\n\t\t\t\t<div class=\"elementor-element elementor-element-6e7bac6 elementor-widget elementor-widget-image\" data-id=\"6e7bac6\" data-element_type=\"widget\" data-e-type=\"widget\" data-widget_type=\"image.default\">\n\t\t\t\t\t\t\t\t\t\t\t\t\t\t\t<img decoding=\"async\" width=\"111\" height=\"6\" data-src=\"https:\/\/weca.al\/wp-content\/uploads\/2025\/12\/Rectangle-13.svg\" class=\"attachment-full size-full wp-image-296 lazyload\" alt=\"\" src=\"data:image\/svg+xml;base64,PHN2ZyB3aWR0aD0iMSIgaGVpZ2h0PSIxIiB4bWxucz0iaHR0cDovL3d3dy53My5vcmcvMjAwMC9zdmciPjwvc3ZnPg==\" style=\"--smush-placeholder-width: 111px; --smush-placeholder-aspect-ratio: 111\/6;\" \/>\t\t\t\t\t\t\t\t\t\t\t\t\t\t\t<\/div>\n\t\t\t\t<div class=\"elementor-element elementor-element-5af164a elementor-widget__width-initial elementor-widget elementor-widget-text-editor\" data-id=\"5af164a\" data-element_type=\"widget\" data-e-type=\"widget\" data-widget_type=\"text-editor.default\">\n\t\t\t\t\t\t\t\t\t<p>Specific studies, analyses, and market research for various sectors of the economy to ensure proper orientation toward sectors with growth trends, as well as publications, manuals, guides, or catalogs on topics from different fields, etc.<\/p>\t\t\t\t\t\t\t\t<\/div>\n\t\t\t\t<\/div>\n\t\t<div class=\"elementor-element elementor-element-ca38048 e-con-full e-flex e-con e-child\" data-id=\"ca38048\" data-element_type=\"container\" data-e-type=\"container\" data-settings=\"{&quot;background_background&quot;:&quot;classic&quot;}\">\n\t\t\t\t<div class=\"elementor-element elementor-element-5caba82 elementor-widget elementor-widget-image\" data-id=\"5caba82\" data-element_type=\"widget\" data-e-type=\"widget\" data-widget_type=\"image.default\">\n\t\t\t\t\t\t\t\t\t\t\t\t\t\t\t<img decoding=\"async\" width=\"111\" height=\"6\" data-src=\"https:\/\/weca.al\/wp-content\/uploads\/2025\/12\/Rectangle-13.svg\" class=\"attachment-full size-full wp-image-296 lazyload\" alt=\"\" src=\"data:image\/svg+xml;base64,PHN2ZyB3aWR0aD0iMSIgaGVpZ2h0PSIxIiB4bWxucz0iaHR0cDovL3d3dy53My5vcmcvMjAwMC9zdmciPjwvc3ZnPg==\" style=\"--smush-placeholder-width: 111px; --smush-placeholder-aspect-ratio: 111\/6;\" \/>\t\t\t\t\t\t\t\t\t\t\t\t\t\t\t<\/div>\n\t\t\t\t<div class=\"elementor-element elementor-element-8a6fd63 elementor-widget__width-initial elementor-widget elementor-widget-text-editor\" data-id=\"8a6fd63\" data-element_type=\"widget\" data-e-type=\"widget\" data-widget_type=\"text-editor.default\">\n\t\t\t\t\t\t\t\t\t<p>Participation and membership in regional and international networks of women\u2019s associations with the aim of guiding, supporting, developing, and economically empowering women.<\/p>\t\t\t\t\t\t\t\t<\/div>\n\t\t\t\t<\/div>\n\t\t\t\t<\/div>\n\t\t\t\t<\/div>\n\t\t<div class=\"elementor-element elementor-element-88ca153 e-con-full e-flex e-con e-parent\" data-id=\"88ca153\" data-element_type=\"container\" data-e-type=\"container\" data-settings=\"{&quot;background_background&quot;:&quot;classic&quot;}\">\n\t\t<div class=\"elementor-element elementor-element-960412f e-con-full e-flex e-con e-child\" data-id=\"960412f\" data-element_type=\"container\" data-e-type=\"container\">\n\t\t\t\t<div class=\"elementor-element elementor-element-67c1555 elementor-widget elementor-widget-heading\" data-id=\"67c1555\" data-element_type=\"widget\" data-e-type=\"widget\" data-widget_type=\"heading.default\">\n\t\t\t\t\t<h2 class=\"elementor-heading-title elementor-size-default\">Purpose<\/h2>\t\t\t\t<\/div>\n\t\t\t\t<div class=\"elementor-element elementor-element-947cceb elementor-widget elementor-widget-text-editor\" data-id=\"947cceb\" data-element_type=\"widget\" data-e-type=\"widget\" data-widget_type=\"text-editor.default\">\n\t\t\t\t\t\t\t\t\t<p>The purpose of the association is to protect the economic interests of women entrepreneurs, professionals, and self-employed women across all sectors of the economy by providing services through the development of favorable policies for women\u2019s economic and social support, promotional and development activities, studies and publications, projects, and consultancy services.<\/p>\t\t\t\t\t\t\t\t<\/div>\n\t\t\t\t<\/div>\n\t\t\t\t<div class=\"elementor-element elementor-element-0af8f89 elementor-widget elementor-widget-image\" data-id=\"0af8f89\" data-element_type=\"widget\" data-e-type=\"widget\" data-widget_type=\"image.default\">\n\t\t\t\t\t\t\t\t\t\t\t\t\t\t\t<img fetchpriority=\"high\" decoding=\"async\" width=\"836\" height=\"448\" src=\"https:\/\/weca.al\/wp-content\/uploads\/2025\/12\/Rectangle-15.png\" class=\"attachment-full size-full wp-image-309\" alt=\"\" srcset=\"https:\/\/weca.al\/wp-content\/uploads\/2025\/12\/Rectangle-15.png 836w, https:\/\/weca.al\/wp-content\/uploads\/2025\/12\/Rectangle-15-300x161.png 300w, https:\/\/weca.al\/wp-content\/uploads\/2025\/12\/Rectangle-15-768x412.png 768w\" sizes=\"(max-width: 836px) 100vw, 836px\" \/>\t\t\t\t\t\t\t\t\t\t\t\t\t\t\t<\/div>\n\t\t\t\t<\/div>\n\t\t<div class=\"elementor-element elementor-element-648e51a e-flex e-con-boxed e-con e-parent\" data-id=\"648e51a\" data-element_type=\"container\" data-e-type=\"container\" data-settings=\"{&quot;background_background&quot;:&quot;classic&quot;}\">\n\t\t\t\t\t<div class=\"e-con-inner\">\n\t\t\t\t<div class=\"elementor-element elementor-element-114b916 elementor-widget elementor-widget-heading\" data-id=\"114b916\" data-element_type=\"widget\" data-e-type=\"widget\" data-widget_type=\"heading.default\">\n\t\t\t\t\t<h2 class=\"elementor-heading-title elementor-size-default\">Join Us!<\/h2>\t\t\t\t<\/div>\n\t\t\t\t<div class=\"elementor-element elementor-element-362b0dc elementor-widget elementor-widget-button\" data-id=\"362b0dc\" data-element_type=\"widget\" data-e-type=\"widget\" data-widget_type=\"button.default\">\n\t\t\t\t\t\t\t\t\t\t<a class=\"elementor-button elementor-button-link elementor-size-sm\" href=\"https:\/\/weca.al\/en\/kontakt\/\">\n\t\t\t\t\t\t<span class=\"elementor-button-content-wrapper\">\n\t\t\t\t\t\t\t\t\t<span class=\"elementor-button-text\">Click Here<\/span>\n\t\t\t\t\t<\/span>\n\t\t\t\t\t<\/a>\n\t\t\t\t\t\t\t\t<\/div>\n\t\t\t\t\t<\/div>\n\t\t\t\t<\/div>\n\t\t\t\t<\/div>","protected":false},"excerpt":{"rendered":"<p>Rreth Nesh Interesi i p\u00ebrbashk\u00ebt i nj\u00eb grupi grash sip\u00ebrmarr\u00ebse dhe profesioniste p\u00ebr t\u00eb ndikuar n\u00eb shoq\u00ebri p\u00ebr fuqizimin e sip\u00ebrmarrjes dhe karrier\u00ebs fem\u00ebrore, konkretizohet tek DHOMA EKONOMIKE E GRAVE.Pas dhjet\u00ebra vitesh p\u00ebrvoj\u00eb n\u00eb fusha t\u00eb ndryshme t\u00eb biznesit dhe konsulenc\u00ebs, ky grupim grash ka mund\u00ebsi t\u00eb sinkronizoj\u00eb njohurit\u00eb, energjin\u00eb dhe d\u00ebshir\u00ebn p\u00ebr kontribut, n\u00eb [&hellip;]<\/p>\n","protected":false},"author":1,"featured_media":0,"parent":0,"menu_order":0,"comment_status":"closed","ping_status":"closed","template":"elementor_header_footer","meta":{"_acf_changed":false,"footnotes":""},"class_list":["post-23","page","type-page","status-publish","hentry"],"acf":[],"aioseo_notices":[],"jetpack_sharing_enabled":true,"_links":{"self":[{"href":"https:\/\/weca.al\/en\/wp-json\/wp\/v2\/pages\/23","targetHints":{"allow":["GET"]}}],"collection":[{"href":"https:\/\/weca.al\/en\/wp-json\/wp\/v2\/pages"}],"about":[{"href":"https:\/\/weca.al\/en\/wp-json\/wp\/v2\/types\/page"}],"author":[{"embeddable":true,"href":"https:\/\/weca.al\/en\/wp-json\/wp\/v2\/users\/1"}],"replies":[{"embeddable":true,"href":"https:\/\/weca.al\/en\/wp-json\/wp\/v2\/comments?post=23"}],"version-history":[{"count":97,"href":"https:\/\/weca.al\/en\/wp-json\/wp\/v2\/pages\/23\/revisions"}],"predecessor-version":[{"id":8308,"href":"https:\/\/weca.al\/en\/wp-json\/wp\/v2\/pages\/23\/revisions\/8308"}],"wp:attachment":[{"href":"https:\/\/weca.al\/en\/wp-json\/wp\/v2\/media?parent=23"}],"curies":[{"name":"wp","href":"https:\/\/api.w.org\/{rel}","templated":true}]}}