{"id":22,"date":"2025-11-27T08:51:42","date_gmt":"2025-11-27T08:51:42","guid":{"rendered":"http:\/\/3.75.194.57\/?page_id=22"},"modified":"2026-02-10T08:17:34","modified_gmt":"2026-02-10T08:17:34","slug":"lista-e-anetareve","status":"publish","type":"page","link":"https:\/\/weca.al\/en\/lista-e-anetareve\/","title":{"rendered":"Members List"},"content":{"rendered":"<div data-elementor-type=\"wp-page\" data-elementor-id=\"22\" class=\"elementor elementor-22\" data-elementor-post-type=\"page\">\n\t\t\t\t<div class=\"elementor-element elementor-element-0df3ec6 e-flex e-con-boxed e-con e-parent\" data-id=\"0df3ec6\" data-element_type=\"container\" data-e-type=\"container\" data-settings=\"{&quot;background_background&quot;:&quot;classic&quot;}\">\n\t\t\t\t\t<div class=\"e-con-inner\">\n\t\t\t\t<div class=\"elementor-element elementor-element-ea8c525 elementor-widget elementor-widget-heading\" data-id=\"ea8c525\" data-element_type=\"widget\" data-e-type=\"widget\" data-widget_type=\"heading.default\">\n\t\t\t\t\t<h2 class=\"elementor-heading-title elementor-size-default\">Members List<\/h2>\t\t\t\t<\/div>\n\t\t<div class=\"elementor-element elementor-element-e963bdf e-con-full e-flex e-con e-child\" data-id=\"e963bdf\" data-element_type=\"container\" data-e-type=\"container\">\n\t\t<div class=\"elementor-element elementor-element-71a166d e-con-full e-flex e-con e-child\" data-id=\"71a166d\" data-element_type=\"container\" data-e-type=\"container\" data-settings=\"{&quot;background_background&quot;:&quot;classic&quot;}\">\n\t\t\t\t<div class=\"elementor-element elementor-element-72b4bb3 elementor-widget elementor-widget-image\" data-id=\"72b4bb3\" data-element_type=\"widget\" data-e-type=\"widget\" data-widget_type=\"image.default\">\n\t\t\t\t\t\t\t\t\t\t\t\t\t\t\t<img fetchpriority=\"high\" decoding=\"async\" width=\"333\" height=\"333\" src=\"https:\/\/weca.al\/wp-content\/uploads\/2026\/02\/Frame-155.png\" class=\"attachment-full size-full wp-image-8177\" alt=\"\" srcset=\"https:\/\/weca.al\/wp-content\/uploads\/2026\/02\/Frame-155.png 333w, https:\/\/weca.al\/wp-content\/uploads\/2026\/02\/Frame-155-300x300.png 300w, https:\/\/weca.al\/wp-content\/uploads\/2026\/02\/Frame-155-150x150.png 150w, https:\/\/weca.al\/wp-content\/uploads\/2026\/02\/Frame-155-12x12.png 12w\" sizes=\"(max-width: 333px) 100vw, 333px\" \/>\t\t\t\t\t\t\t\t\t\t\t\t\t\t\t<\/div>\n\t\t<div class=\"elementor-element elementor-element-0ab0544 e-con-full e-flex e-con e-child\" data-id=\"0ab0544\" data-element_type=\"container\" data-e-type=\"container\">\n\t\t\t\t<div class=\"elementor-element elementor-element-80c3a81 elementor-widget elementor-widget-heading\" data-id=\"80c3a81\" data-element_type=\"widget\" data-e-type=\"widget\" data-widget_type=\"heading.default\">\n\t\t\t\t\t<h2 class=\"elementor-heading-title elementor-size-default\">HAKO<\/h2>\t\t\t\t<\/div>\n\t\t\t\t<div class=\"elementor-element elementor-element-7c0385d elementor-widget elementor-widget-text-editor\" data-id=\"7c0385d\" data-element_type=\"widget\" data-e-type=\"widget\" data-widget_type=\"text-editor.default\">\n\t\t\t\t\t\t\t\t\t<p>Its main activity is meat processing, producing over 70 types of sausages, prosciutto, and marinated products. The company operates a factory with a production capacity of over 4,000 tons per year, employs more than 200 people, and is present with its products in all cities and villages across Albania.<\/p>\t\t\t\t\t\t\t\t<\/div>\n\t\t\t\t<\/div>\n\t\t\t\t<\/div>\n\t\t\t\t<\/div>\n\t\t<div class=\"elementor-element elementor-element-3128ca2 e-con-full e-flex e-con e-child\" data-id=\"3128ca2\" data-element_type=\"container\" data-e-type=\"container\">\n\t\t<div class=\"elementor-element elementor-element-5a3a53f e-con-full e-flex e-con e-child\" data-id=\"5a3a53f\" data-element_type=\"container\" data-e-type=\"container\" data-settings=\"{&quot;background_background&quot;:&quot;classic&quot;}\">\n\t\t\t\t<div class=\"elementor-element elementor-element-1baca37 elementor-widget elementor-widget-image\" data-id=\"1baca37\" data-element_type=\"widget\" data-e-type=\"widget\" data-widget_type=\"image.default\">\n\t\t\t\t\t\t\t\t\t\t\t\t\t\t\t<img decoding=\"async\" width=\"333\" height=\"333\" data-src=\"https:\/\/weca.al\/wp-content\/uploads\/2026\/02\/Innovative-Start-ups-350x250.jpg8_.png\" class=\"attachment-full size-full wp-image-8280 lazyload\" alt=\"\" data-srcset=\"https:\/\/weca.al\/wp-content\/uploads\/2026\/02\/Innovative-Start-ups-350x250.jpg8_.png 333w, https:\/\/weca.al\/wp-content\/uploads\/2026\/02\/Innovative-Start-ups-350x250.jpg8_-300x300.png 300w, https:\/\/weca.al\/wp-content\/uploads\/2026\/02\/Innovative-Start-ups-350x250.jpg8_-150x150.png 150w, https:\/\/weca.al\/wp-content\/uploads\/2026\/02\/Innovative-Start-ups-350x250.jpg8_-12x12.png 12w\" data-sizes=\"(max-width: 333px) 100vw, 333px\" src=\"data:image\/svg+xml;base64,PHN2ZyB3aWR0aD0iMSIgaGVpZ2h0PSIxIiB4bWxucz0iaHR0cDovL3d3dy53My5vcmcvMjAwMC9zdmciPjwvc3ZnPg==\" style=\"--smush-placeholder-width: 333px; --smush-placeholder-aspect-ratio: 333\/333;\" \/>\t\t\t\t\t\t\t\t\t\t\t\t\t\t\t<\/div>\n\t\t<div class=\"elementor-element elementor-element-bd27690 e-con-full e-flex e-con e-child\" data-id=\"bd27690\" data-element_type=\"container\" data-e-type=\"container\">\n\t\t\t\t<div class=\"elementor-element elementor-element-61c165d elementor-widget elementor-widget-heading\" data-id=\"61c165d\" data-element_type=\"widget\" data-e-type=\"widget\" data-widget_type=\"heading.default\">\n\t\t\t\t\t<h2 class=\"elementor-heading-title elementor-size-default\">LUFRA<\/h2>\t\t\t\t<\/div>\n\t\t\t\t<div class=\"elementor-element elementor-element-2002439 elementor-widget elementor-widget-text-editor\" data-id=\"2002439\" data-element_type=\"widget\" data-e-type=\"widget\" data-widget_type=\"text-editor.default\">\n\t\t\t\t\t\t\t\t\t<p>A company that brings to your table the healthiest fresh dairy products, carefully controlled and processed according to contemporary European standards.<\/p>\t\t\t\t\t\t\t\t<\/div>\n\t\t\t\t<\/div>\n\t\t\t\t<\/div>\n\t\t\t\t<\/div>\n\t\t<div class=\"elementor-element elementor-element-d7bab93 e-con-full e-flex e-con e-child\" data-id=\"d7bab93\" data-element_type=\"container\" data-e-type=\"container\">\n\t\t<div class=\"elementor-element elementor-element-883369f e-con-full e-flex e-con e-child\" data-id=\"883369f\" data-element_type=\"container\" data-e-type=\"container\" data-settings=\"{&quot;background_background&quot;:&quot;classic&quot;}\">\n\t\t\t\t<div class=\"elementor-element elementor-element-14d8d26 elementor-widget elementor-widget-image\" data-id=\"14d8d26\" data-element_type=\"widget\" data-e-type=\"widget\" data-widget_type=\"image.default\">\n\t\t\t\t\t\t\t\t\t\t\t\t\t\t\t<img decoding=\"async\" width=\"333\" height=\"333\" data-src=\"https:\/\/weca.al\/wp-content\/uploads\/2026\/02\/Innovative-Start-ups-350x250.jpg9_.png\" class=\"attachment-full size-full wp-image-8281 lazyload\" alt=\"\" data-srcset=\"https:\/\/weca.al\/wp-content\/uploads\/2026\/02\/Innovative-Start-ups-350x250.jpg9_.png 333w, https:\/\/weca.al\/wp-content\/uploads\/2026\/02\/Innovative-Start-ups-350x250.jpg9_-300x300.png 300w, https:\/\/weca.al\/wp-content\/uploads\/2026\/02\/Innovative-Start-ups-350x250.jpg9_-150x150.png 150w, https:\/\/weca.al\/wp-content\/uploads\/2026\/02\/Innovative-Start-ups-350x250.jpg9_-12x12.png 12w\" data-sizes=\"(max-width: 333px) 100vw, 333px\" src=\"data:image\/svg+xml;base64,PHN2ZyB3aWR0aD0iMSIgaGVpZ2h0PSIxIiB4bWxucz0iaHR0cDovL3d3dy53My5vcmcvMjAwMC9zdmciPjwvc3ZnPg==\" style=\"--smush-placeholder-width: 333px; --smush-placeholder-aspect-ratio: 333\/333;\" \/>\t\t\t\t\t\t\t\t\t\t\t\t\t\t\t<\/div>\n\t\t<div class=\"elementor-element elementor-element-8c7d30a e-con-full e-flex e-con e-child\" data-id=\"8c7d30a\" data-element_type=\"container\" data-e-type=\"container\">\n\t\t\t\t<div class=\"elementor-element elementor-element-a729c20 elementor-widget elementor-widget-heading\" data-id=\"a729c20\" data-element_type=\"widget\" data-e-type=\"widget\" data-widget_type=\"heading.default\">\n\t\t\t\t\t<h2 class=\"elementor-heading-title elementor-size-default\">QENDRA P\u00cbR PROMOVIMIN E KONKURRUESHM\u00cbRIS\u00cb<\/h2>\t\t\t\t<\/div>\n\t\t\t\t<div class=\"elementor-element elementor-element-3845657 elementor-widget elementor-widget-text-editor\" data-id=\"3845657\" data-element_type=\"widget\" data-e-type=\"widget\" data-widget_type=\"text-editor.default\">\n\t\t\t\t\t\t\t\t\t<p>The Center for the Promotion of Competitiveness (CCP) is an Albanian non-profit organization that supports business development, entrepreneurship, SME policy, the social economy, employment, tourism, and cultural heritage through the implementation of projects and the provision of consulting services.<\/p>\t\t\t\t\t\t\t\t<\/div>\n\t\t\t\t<\/div>\n\t\t\t\t<\/div>\n\t\t\t\t<\/div>\n\t\t<div class=\"elementor-element elementor-element-c00fcc1 e-con-full e-flex e-con e-child\" data-id=\"c00fcc1\" data-element_type=\"container\" data-e-type=\"container\">\n\t\t<div class=\"elementor-element elementor-element-28b7824 e-con-full e-flex e-con e-child\" data-id=\"28b7824\" data-element_type=\"container\" data-e-type=\"container\" data-settings=\"{&quot;background_background&quot;:&quot;classic&quot;}\">\n\t\t\t\t<div class=\"elementor-element elementor-element-8d284df elementor-widget elementor-widget-image\" data-id=\"8d284df\" data-element_type=\"widget\" data-e-type=\"widget\" data-widget_type=\"image.default\">\n\t\t\t\t\t\t\t\t\t\t\t\t\t\t\t<img decoding=\"async\" width=\"333\" height=\"333\" data-src=\"https:\/\/weca.al\/wp-content\/uploads\/2026\/02\/Innovative-Start-ups-350x250.jpg10.png\" class=\"attachment-full size-full wp-image-8282 lazyload\" alt=\"\" data-srcset=\"https:\/\/weca.al\/wp-content\/uploads\/2026\/02\/Innovative-Start-ups-350x250.jpg10.png 333w, https:\/\/weca.al\/wp-content\/uploads\/2026\/02\/Innovative-Start-ups-350x250.jpg10-300x300.png 300w, https:\/\/weca.al\/wp-content\/uploads\/2026\/02\/Innovative-Start-ups-350x250.jpg10-150x150.png 150w, https:\/\/weca.al\/wp-content\/uploads\/2026\/02\/Innovative-Start-ups-350x250.jpg10-12x12.png 12w\" data-sizes=\"(max-width: 333px) 100vw, 333px\" src=\"data:image\/svg+xml;base64,PHN2ZyB3aWR0aD0iMSIgaGVpZ2h0PSIxIiB4bWxucz0iaHR0cDovL3d3dy53My5vcmcvMjAwMC9zdmciPjwvc3ZnPg==\" style=\"--smush-placeholder-width: 333px; --smush-placeholder-aspect-ratio: 333\/333;\" \/>\t\t\t\t\t\t\t\t\t\t\t\t\t\t\t<\/div>\n\t\t<div class=\"elementor-element elementor-element-4821ee4 e-con-full e-flex e-con e-child\" data-id=\"4821ee4\" data-element_type=\"container\" data-e-type=\"container\">\n\t\t\t\t<div class=\"elementor-element elementor-element-be280b4 elementor-widget elementor-widget-heading\" data-id=\"be280b4\" data-element_type=\"widget\" data-e-type=\"widget\" data-widget_type=\"heading.default\">\n\t\t\t\t\t<h2 class=\"elementor-heading-title elementor-size-default\">AGI 11<\/h2>\t\t\t\t<\/div>\n\t\t\t\t<div class=\"elementor-element elementor-element-bca7ba1 elementor-widget elementor-widget-text-editor\" data-id=\"bca7ba1\" data-element_type=\"widget\" data-e-type=\"widget\" data-widget_type=\"text-editor.default\">\n\t\t\t\t\t\t\t\t\t<p>AGI 11 has been operating for years in the dairy processing industry, offering a wide range of products certified according to food safety standards. The company is known for its focus on consistent quality and broad distribution in the Albanian market.<\/p>\t\t\t\t\t\t\t\t<\/div>\n\t\t\t\t<\/div>\n\t\t\t\t<\/div>\n\t\t\t\t<\/div>\n\t\t<div class=\"elementor-element elementor-element-a24dc4a e-con-full e-flex e-con e-child\" data-id=\"a24dc4a\" data-element_type=\"container\" data-e-type=\"container\">\n\t\t<div class=\"elementor-element elementor-element-26598b5 e-con-full e-flex e-con e-child\" data-id=\"26598b5\" data-element_type=\"container\" data-e-type=\"container\" data-settings=\"{&quot;background_background&quot;:&quot;classic&quot;}\">\n\t\t\t\t<div class=\"elementor-element elementor-element-d934bb2 elementor-widget elementor-widget-image\" data-id=\"d934bb2\" data-element_type=\"widget\" data-e-type=\"widget\" data-widget_type=\"image.default\">\n\t\t\t\t\t\t\t\t\t\t\t\t\t\t\t<img decoding=\"async\" width=\"333\" height=\"333\" data-src=\"https:\/\/weca.al\/wp-content\/uploads\/2026\/02\/Innovative-Start-ups-350x250.jpg11.png\" class=\"attachment-full size-full wp-image-8283 lazyload\" alt=\"\" data-srcset=\"https:\/\/weca.al\/wp-content\/uploads\/2026\/02\/Innovative-Start-ups-350x250.jpg11.png 333w, https:\/\/weca.al\/wp-content\/uploads\/2026\/02\/Innovative-Start-ups-350x250.jpg11-300x300.png 300w, https:\/\/weca.al\/wp-content\/uploads\/2026\/02\/Innovative-Start-ups-350x250.jpg11-150x150.png 150w, https:\/\/weca.al\/wp-content\/uploads\/2026\/02\/Innovative-Start-ups-350x250.jpg11-12x12.png 12w\" data-sizes=\"(max-width: 333px) 100vw, 333px\" src=\"data:image\/svg+xml;base64,PHN2ZyB3aWR0aD0iMSIgaGVpZ2h0PSIxIiB4bWxucz0iaHR0cDovL3d3dy53My5vcmcvMjAwMC9zdmciPjwvc3ZnPg==\" style=\"--smush-placeholder-width: 333px; --smush-placeholder-aspect-ratio: 333\/333;\" \/>\t\t\t\t\t\t\t\t\t\t\t\t\t\t\t<\/div>\n\t\t<div class=\"elementor-element elementor-element-032fdb3 e-con-full e-flex e-con e-child\" data-id=\"032fdb3\" data-element_type=\"container\" data-e-type=\"container\">\n\t\t\t\t<div class=\"elementor-element elementor-element-91a1c01 elementor-widget elementor-widget-heading\" data-id=\"91a1c01\" data-element_type=\"widget\" data-e-type=\"widget\" data-widget_type=\"heading.default\">\n\t\t\t\t\t<h2 class=\"elementor-heading-title elementor-size-default\">VASPAS<\/h2>\t\t\t\t<\/div>\n\t\t\t\t<div class=\"elementor-element elementor-element-f11a522 elementor-widget elementor-widget-text-editor\" data-id=\"f11a522\" data-element_type=\"widget\" data-e-type=\"widget\" data-widget_type=\"text-editor.default\">\n\t\t\t\t\t\t\t\t\t<p>Vaspas operates in the food sector, offering processed products based on traditional recipes and modern production processes. Through continuous quality control, the company aims to meet the everyday needs of consumers.<\/p>\t\t\t\t\t\t\t\t<\/div>\n\t\t\t\t<\/div>\n\t\t\t\t<\/div>\n\t\t\t\t<\/div>\n\t\t<div class=\"elementor-element elementor-element-8c4fd3a e-con-full e-flex e-con e-child\" data-id=\"8c4fd3a\" data-element_type=\"container\" data-e-type=\"container\">\n\t\t<div class=\"elementor-element elementor-element-8acdac7 e-con-full e-flex e-con e-child\" data-id=\"8acdac7\" data-element_type=\"container\" data-e-type=\"container\" data-settings=\"{&quot;background_background&quot;:&quot;classic&quot;}\">\n\t\t\t\t<div class=\"elementor-element elementor-element-40e178c elementor-widget elementor-widget-image\" data-id=\"40e178c\" data-element_type=\"widget\" data-e-type=\"widget\" data-widget_type=\"image.default\">\n\t\t\t\t\t\t\t\t\t\t\t\t\t\t\t<img decoding=\"async\" width=\"333\" height=\"333\" data-src=\"https:\/\/weca.al\/wp-content\/uploads\/2026\/02\/Innovative-Start-ups-350x250.jpg12.png\" class=\"attachment-full size-full wp-image-8285 lazyload\" alt=\"\" data-srcset=\"https:\/\/weca.al\/wp-content\/uploads\/2026\/02\/Innovative-Start-ups-350x250.jpg12.png 333w, https:\/\/weca.al\/wp-content\/uploads\/2026\/02\/Innovative-Start-ups-350x250.jpg12-300x300.png 300w, https:\/\/weca.al\/wp-content\/uploads\/2026\/02\/Innovative-Start-ups-350x250.jpg12-150x150.png 150w, https:\/\/weca.al\/wp-content\/uploads\/2026\/02\/Innovative-Start-ups-350x250.jpg12-12x12.png 12w\" data-sizes=\"(max-width: 333px) 100vw, 333px\" src=\"data:image\/svg+xml;base64,PHN2ZyB3aWR0aD0iMSIgaGVpZ2h0PSIxIiB4bWxucz0iaHR0cDovL3d3dy53My5vcmcvMjAwMC9zdmciPjwvc3ZnPg==\" style=\"--smush-placeholder-width: 333px; --smush-placeholder-aspect-ratio: 333\/333;\" \/>\t\t\t\t\t\t\t\t\t\t\t\t\t\t\t<\/div>\n\t\t<div class=\"elementor-element elementor-element-f7d9a25 e-con-full e-flex e-con e-child\" data-id=\"f7d9a25\" data-element_type=\"container\" data-e-type=\"container\">\n\t\t\t\t<div class=\"elementor-element elementor-element-517b3aa elementor-widget elementor-widget-heading\" data-id=\"517b3aa\" data-element_type=\"widget\" data-e-type=\"widget\" data-widget_type=\"heading.default\">\n\t\t\t\t\t<h2 class=\"elementor-heading-title elementor-size-default\">REGIONAL DEVELOPMENT AGENCY\nSOUTHWEST<\/h2>\t\t\t\t<\/div>\n\t\t\t\t<div class=\"elementor-element elementor-element-6a95439 elementor-widget elementor-widget-text-editor\" data-id=\"6a95439\" data-element_type=\"widget\" data-e-type=\"widget\" data-widget_type=\"text-editor.default\">\n\t\t\t\t\t\t\t\t\t<p>As part of the public regional development structures, the Southwest Regional Development Agency contributes to the promotion of economic, social, and territorial projects. Its activities focus on institutional cooperation and strengthening local potential.<\/p>\t\t\t\t\t\t\t\t<\/div>\n\t\t\t\t<\/div>\n\t\t\t\t<\/div>\n\t\t\t\t<\/div>\n\t\t<div class=\"elementor-element elementor-element-c2866ee e-con-full e-flex e-con e-child\" data-id=\"c2866ee\" data-element_type=\"container\" data-e-type=\"container\">\n\t\t<div class=\"elementor-element elementor-element-13be9a3 e-con-full e-flex e-con e-child\" data-id=\"13be9a3\" data-element_type=\"container\" data-e-type=\"container\" data-settings=\"{&quot;background_background&quot;:&quot;classic&quot;}\">\n\t\t\t\t<div class=\"elementor-element elementor-element-c429ba5 elementor-widget elementor-widget-image\" data-id=\"c429ba5\" data-element_type=\"widget\" data-e-type=\"widget\" data-widget_type=\"image.default\">\n\t\t\t\t\t\t\t\t\t\t\t\t\t\t\t<img decoding=\"async\" width=\"333\" height=\"333\" data-src=\"https:\/\/weca.al\/wp-content\/uploads\/2026\/02\/Innovative-Start-ups-350x250.jpg13.png\" class=\"attachment-full size-full wp-image-8286 lazyload\" alt=\"\" data-srcset=\"https:\/\/weca.al\/wp-content\/uploads\/2026\/02\/Innovative-Start-ups-350x250.jpg13.png 333w, https:\/\/weca.al\/wp-content\/uploads\/2026\/02\/Innovative-Start-ups-350x250.jpg13-300x300.png 300w, https:\/\/weca.al\/wp-content\/uploads\/2026\/02\/Innovative-Start-ups-350x250.jpg13-150x150.png 150w, https:\/\/weca.al\/wp-content\/uploads\/2026\/02\/Innovative-Start-ups-350x250.jpg13-12x12.png 12w\" data-sizes=\"(max-width: 333px) 100vw, 333px\" src=\"data:image\/svg+xml;base64,PHN2ZyB3aWR0aD0iMSIgaGVpZ2h0PSIxIiB4bWxucz0iaHR0cDovL3d3dy53My5vcmcvMjAwMC9zdmciPjwvc3ZnPg==\" style=\"--smush-placeholder-width: 333px; --smush-placeholder-aspect-ratio: 333\/333;\" \/>\t\t\t\t\t\t\t\t\t\t\t\t\t\t\t<\/div>\n\t\t<div class=\"elementor-element elementor-element-8af209b e-con-full e-flex e-con e-child\" data-id=\"8af209b\" data-element_type=\"container\" data-e-type=\"container\">\n\t\t\t\t<div class=\"elementor-element elementor-element-b1c6550 elementor-widget elementor-widget-heading\" data-id=\"b1c6550\" data-element_type=\"widget\" data-e-type=\"widget\" data-widget_type=\"heading.default\">\n\t\t\t\t\t<h2 class=\"elementor-heading-title elementor-size-default\">BOTIMET TOENA<\/h2>\t\t\t\t<\/div>\n\t\t\t\t<div class=\"elementor-element elementor-element-012bc9d elementor-widget elementor-widget-text-editor\" data-id=\"012bc9d\" data-element_type=\"widget\" data-e-type=\"widget\" data-widget_type=\"text-editor.default\">\n\t\t\t\t\t\t\t\t\t<p>With a long tradition in book publishing, Toena Publishing has built a rich catalog of literary, academic, and educational titles. The publishing house plays an important role in promoting authors and spreading knowledge in Albania.<\/p>\t\t\t\t\t\t\t\t<\/div>\n\t\t\t\t<\/div>\n\t\t\t\t<\/div>\n\t\t\t\t<\/div>\n\t\t\t\t\t<\/div>\n\t\t\t\t<\/div>\n\t\t\t\t<\/div>","protected":false},"excerpt":{"rendered":"<p>Lista e an\u00ebtareve HAKO Aktiviteti i saj kryesor \u00ebsht\u00eb p\u00ebrpunimi I mishit n\u00eb mbi 70 lloje sallame, proshuta dhe produkte t\u00eb marinuara. Kompania me nj\u00eb fabrik\u00eb me kapacitet me mbi 4000 ton prodhim n\u00eb vit pun\u00ebson mbi 200 punonj\u00ebs dhe \u00ebsht\u00eb prezent me produktet e saj n\u00eb t\u00eb gjith\u00eb qytetet dhe fshatrat e Shqip\u00ebris\u00eb. LUFRA [&hellip;]<\/p>\n","protected":false},"author":1,"featured_media":0,"parent":0,"menu_order":0,"comment_status":"closed","ping_status":"closed","template":"elementor_header_footer","meta":{"_acf_changed":false,"footnotes":""},"class_list":["post-22","page","type-page","status-publish","hentry"],"acf":[],"aioseo_notices":[],"jetpack_sharing_enabled":true,"_links":{"self":[{"href":"https:\/\/weca.al\/en\/wp-json\/wp\/v2\/pages\/22","targetHints":{"allow":["GET"]}}],"collection":[{"href":"https:\/\/weca.al\/en\/wp-json\/wp\/v2\/pages"}],"about":[{"href":"https:\/\/weca.al\/en\/wp-json\/wp\/v2\/types\/page"}],"author":[{"embeddable":true,"href":"https:\/\/weca.al\/en\/wp-json\/wp\/v2\/users\/1"}],"replies":[{"embeddable":true,"href":"https:\/\/weca.al\/en\/wp-json\/wp\/v2\/comments?post=22"}],"version-history":[{"count":32,"href":"https:\/\/weca.al\/en\/wp-json\/wp\/v2\/pages\/22\/revisions"}],"predecessor-version":[{"id":8289,"href":"https:\/\/weca.al\/en\/wp-json\/wp\/v2\/pages\/22\/revisions\/8289"}],"wp:attachment":[{"href":"https:\/\/weca.al\/en\/wp-json\/wp\/v2\/media?parent=22"}],"curies":[{"name":"wp","href":"https:\/\/api.w.org\/{rel}","templated":true}]}}