{"id":1203,"date":"2025-12-05T17:07:35","date_gmt":"2025-12-05T17:07:35","guid":{"rendered":"http:\/\/3.75.194.57\/?page_id=1203"},"modified":"2025-12-05T17:18:11","modified_gmt":"2025-12-05T17:18:11","slug":"projekte","status":"publish","type":"page","link":"https:\/\/weca.al\/en\/projekte\/","title":{"rendered":"Projects"},"content":{"rendered":"\t\t<div data-elementor-type=\"wp-page\" data-elementor-id=\"1203\" class=\"elementor elementor-1203\" data-elementor-post-type=\"page\">\n\t\t\t\t<div class=\"elementor-element elementor-element-ff8a38c e-con-full e-flex e-con e-parent\" data-id=\"ff8a38c\" data-element_type=\"container\" data-e-type=\"container\" data-settings=\"{&quot;background_background&quot;:&quot;classic&quot;}\">\n\t\t\t\t<div class=\"elementor-element elementor-element-7dd05c8 elementor-widget elementor-widget-heading\" data-id=\"7dd05c8\" data-element_type=\"widget\" data-e-type=\"widget\" data-widget_type=\"heading.default\">\n\t\t\t\t\t<h2 class=\"elementor-heading-title elementor-size-default\">Projekte<\/h2>\t\t\t\t<\/div>\n\t\t<div class=\"elementor-element elementor-element-f4992bc e-con-full e-flex e-con e-child\" data-id=\"f4992bc\" data-element_type=\"container\" data-e-type=\"container\">\n\t\t\t\t<div class=\"elementor-element elementor-element-97e182f elementor-grid-1 elementor-grid-tablet-1 elementor-grid-mobile-1 elementor-widget elementor-widget-loop-grid\" data-id=\"97e182f\" data-element_type=\"widget\" data-e-type=\"widget\" data-settings=\"{&quot;template_id&quot;:1213,&quot;columns&quot;:1,&quot;columns_tablet&quot;:1,&quot;row_gap&quot;:{&quot;unit&quot;:&quot;px&quot;,&quot;size&quot;:120,&quot;sizes&quot;:[]},&quot;row_gap_tablet&quot;:{&quot;unit&quot;:&quot;px&quot;,&quot;size&quot;:50,&quot;sizes&quot;:[]},&quot;row_gap_mobile&quot;:{&quot;unit&quot;:&quot;px&quot;,&quot;size&quot;:25,&quot;sizes&quot;:[]},&quot;_skin&quot;:&quot;post&quot;,&quot;columns_mobile&quot;:&quot;1&quot;,&quot;edit_handle_selector&quot;:&quot;[data-elementor-type=\\&quot;loop-item\\&quot;]&quot;}\" data-widget_type=\"loop-grid.post\">\n\t\t\t\t<div class=\"elementor-widget-container\">\n\t\t\t\t\t\t\t<div class=\"elementor-loop-container elementor-grid\" role=\"list\">\n\t\t<style id=\"loop-1213\">.elementor-1213 .elementor-element.elementor-element-b4f8cfc{--display:flex;--flex-direction:column;--container-widget-width:100%;--container-widget-height:initial;--container-widget-flex-grow:0;--container-widget-align-self:initial;--flex-wrap-mobile:wrap;--gap:50px 50px;--row-gap:50px;--column-gap:50px;--padding-top:0px;--padding-bottom:0px;--padding-left:0px;--padding-right:0px;}.elementor-widget-theme-post-featured-image .widget-image-caption{color:var( --e-global-color-text );font-family:var( --e-global-typography-text-font-family ), Sans-serif;font-weight:var( --e-global-typography-text-font-weight );}.elementor-1213 .elementor-element.elementor-element-748ffeb img{width:100%;max-width:100%;height:100%;}.elementor-widget-theme-post-title .elementor-heading-title{font-family:var( --e-global-typography-primary-font-family ), Sans-serif;font-weight:var( --e-global-typography-primary-font-weight );color:var( --e-global-color-primary );}.elementor-1213 .elementor-element.elementor-element-4761c8e .elementor-heading-title{font-family:\"Exo\", Sans-serif;font-size:40px;font-weight:600;line-height:42px;}.elementor-widget-theme-post-content{color:var( --e-global-color-text );font-family:var( --e-global-typography-text-font-family ), Sans-serif;font-weight:var( --e-global-typography-text-font-weight );}.elementor-1213 .elementor-element.elementor-element-1d729eb{color:var( --e-global-color-primary );font-family:\"Exo\", Sans-serif;font-size:20px;font-weight:400;line-height:23px;}@media(min-width:768px){.elementor-1213 .elementor-element.elementor-element-b4f8cfc{--content-width:1000px;}}@media(max-width:1024px){.elementor-1213 .elementor-element.elementor-element-4761c8e .elementor-heading-title{font-size:25px;line-height:25px;}.elementor-1213 .elementor-element.elementor-element-1d729eb{font-size:18px;line-height:18px;}}@media(max-width:767px){.elementor-1213 .elementor-element.elementor-element-4761c8e .elementor-heading-title{font-size:20px;line-height:20px;}.elementor-1213 .elementor-element.elementor-element-1d729eb{font-size:16px;line-height:16px;}}<\/style>\t\t<div data-elementor-type=\"loop-item\" data-elementor-id=\"1213\" class=\"elementor elementor-1213 e-loop-item e-loop-item-1228 post-1228 post type-post status-publish format-standard has-post-thumbnail hentry category-projekte\" data-elementor-post-type=\"elementor_library\" data-custom-edit-handle=\"1\">\n\t\t\t<div class=\"elementor-element elementor-element-b4f8cfc e-flex e-con-boxed e-con e-parent\" data-id=\"b4f8cfc\" data-element_type=\"container\" data-e-type=\"container\">\n\t\t\t\t\t<div class=\"e-con-inner\">\n\t\t\t\t<div class=\"elementor-element elementor-element-748ffeb elementor-widget elementor-widget-theme-post-featured-image elementor-widget-image\" data-id=\"748ffeb\" data-element_type=\"widget\" data-e-type=\"widget\" data-widget_type=\"theme-post-featured-image.default\">\n\t\t\t\t\t\t\t\t\t\t\t\t\t\t\t<img fetchpriority=\"high\" decoding=\"async\" width=\"1008\" height=\"701\" src=\"https:\/\/weca.al\/wp-content\/uploads\/2025\/12\/Innovative-Start-ups-350x250.jpg5_-1.png\" class=\"attachment-full size-full wp-image-1233\" alt=\"\" srcset=\"https:\/\/weca.al\/wp-content\/uploads\/2025\/12\/Innovative-Start-ups-350x250.jpg5_-1.png 1008w, https:\/\/weca.al\/wp-content\/uploads\/2025\/12\/Innovative-Start-ups-350x250.jpg5_-1-300x209.png 300w, https:\/\/weca.al\/wp-content\/uploads\/2025\/12\/Innovative-Start-ups-350x250.jpg5_-1-768x534.png 768w, https:\/\/weca.al\/wp-content\/uploads\/2025\/12\/Innovative-Start-ups-350x250.jpg5_-1-18x12.png 18w\" sizes=\"(max-width: 1008px) 100vw, 1008px\" \/>\t\t\t\t\t\t\t\t\t\t\t\t\t\t\t<\/div>\n\t\t\t\t<div class=\"elementor-element elementor-element-4761c8e elementor-widget elementor-widget-theme-post-title elementor-page-title elementor-widget-heading\" data-id=\"4761c8e\" data-element_type=\"widget\" data-e-type=\"widget\" data-widget_type=\"theme-post-title.default\">\n\t\t\t\t\t<h1 class=\"elementor-heading-title elementor-size-default\">EEN &#8211; Enterprise Europe Network<\/h1>\t\t\t\t<\/div>\n\t\t\t\t<div class=\"elementor-element elementor-element-1d729eb elementor-widget elementor-widget-theme-post-content\" data-id=\"1d729eb\" data-element_type=\"widget\" data-e-type=\"widget\" data-widget_type=\"theme-post-content.default\">\n\t\t\t\t\t\n<p>Q\u00eb prej shtatorit 2023, Dhoma ka p\u00ebrfituar dy projekte nga CIPE:<br>-Nj\u00ebri p\u00ebr rritjen e an\u00ebtar\u00ebsis\u00eb dhe forcimin institucional t\u00eb Dhom\u00ebs, duke e vler\u00ebsuar at\u00eb si nj\u00eb nga dhomat m\u00eb aktive n\u00eb rajon;<br>-Dhe tjetri p\u00ebr digjitalizimin e bizneseve, me q\u00ebllim p\u00ebrmir\u00ebsimin e prezenc\u00ebs online dhe kapaciteteve teknologjike t\u00eb an\u00ebtareve.<\/p>\n\t\t\t\t<\/div>\n\t\t\t\t\t<\/div>\n\t\t\t\t<\/div>\n\t\t\t\t<\/div>\n\t\t\t\t<div data-elementor-type=\"loop-item\" data-elementor-id=\"1213\" class=\"elementor elementor-1213 e-loop-item e-loop-item-1226 post-1226 post type-post status-publish format-standard has-post-thumbnail hentry category-projekte\" data-elementor-post-type=\"elementor_library\" data-custom-edit-handle=\"1\">\n\t\t\t<div class=\"elementor-element elementor-element-b4f8cfc e-flex e-con-boxed e-con e-parent\" data-id=\"b4f8cfc\" data-element_type=\"container\" data-e-type=\"container\">\n\t\t\t\t\t<div class=\"e-con-inner\">\n\t\t\t\t<div class=\"elementor-element elementor-element-748ffeb elementor-widget elementor-widget-theme-post-featured-image elementor-widget-image\" data-id=\"748ffeb\" data-element_type=\"widget\" data-e-type=\"widget\" data-widget_type=\"theme-post-featured-image.default\">\n\t\t\t\t\t\t\t\t\t\t\t\t\t\t\t<img decoding=\"async\" width=\"1008\" height=\"635\" data-src=\"https:\/\/weca.al\/wp-content\/uploads\/2025\/12\/Innovative-Start-ups-350x250.jpg4_-1.png\" class=\"attachment-full size-full wp-image-1231 lazyload\" alt=\"\" data-srcset=\"https:\/\/weca.al\/wp-content\/uploads\/2025\/12\/Innovative-Start-ups-350x250.jpg4_-1.png 1008w, https:\/\/weca.al\/wp-content\/uploads\/2025\/12\/Innovative-Start-ups-350x250.jpg4_-1-300x189.png 300w, https:\/\/weca.al\/wp-content\/uploads\/2025\/12\/Innovative-Start-ups-350x250.jpg4_-1-768x484.png 768w, https:\/\/weca.al\/wp-content\/uploads\/2025\/12\/Innovative-Start-ups-350x250.jpg4_-1-18x12.png 18w\" data-sizes=\"(max-width: 1008px) 100vw, 1008px\" src=\"data:image\/svg+xml;base64,PHN2ZyB3aWR0aD0iMSIgaGVpZ2h0PSIxIiB4bWxucz0iaHR0cDovL3d3dy53My5vcmcvMjAwMC9zdmciPjwvc3ZnPg==\" style=\"--smush-placeholder-width: 1008px; --smush-placeholder-aspect-ratio: 1008\/635;\" \/>\t\t\t\t\t\t\t\t\t\t\t\t\t\t\t<\/div>\n\t\t\t\t<div class=\"elementor-element elementor-element-4761c8e elementor-widget elementor-widget-theme-post-title elementor-page-title elementor-widget-heading\" data-id=\"4761c8e\" data-element_type=\"widget\" data-e-type=\"widget\" data-widget_type=\"theme-post-title.default\">\n\t\t\t\t\t<h1 class=\"elementor-heading-title elementor-size-default\">Projektet e mb\u00ebshtetura nga CIPE \u2013 Center for International Private Enterprise<\/h1>\t\t\t\t<\/div>\n\t\t\t\t<div class=\"elementor-element elementor-element-1d729eb elementor-widget elementor-widget-theme-post-content\" data-id=\"1d729eb\" data-element_type=\"widget\" data-e-type=\"widget\" data-widget_type=\"theme-post-content.default\">\n\t\t\t\t\t\n<p>Q\u00eb prej shtatorit 2023, Dhoma ka p\u00ebrfituar dy projekte nga CIPE:<br>-Nj\u00ebri p\u00ebr rritjen e an\u00ebtar\u00ebsis\u00eb dhe forcimin institucional t\u00eb Dhom\u00ebs, duke e vler\u00ebsuar at\u00eb si nj\u00eb nga dhomat m\u00eb aktive n\u00eb rajon;<br>-Dhe tjetri p\u00ebr digjitalizimin e bizneseve, me q\u00ebllim p\u00ebrmir\u00ebsimin e prezenc\u00ebs online dhe kapaciteteve teknologjike t\u00eb an\u00ebtareve.<\/p>\n\t\t\t\t<\/div>\n\t\t\t\t\t<\/div>\n\t\t\t\t<\/div>\n\t\t\t\t<\/div>\n\t\t\t\t<div data-elementor-type=\"loop-item\" data-elementor-id=\"1213\" class=\"elementor elementor-1213 e-loop-item e-loop-item-1227 post-1227 post type-post status-publish format-standard has-post-thumbnail hentry category-projekte\" data-elementor-post-type=\"elementor_library\" data-custom-edit-handle=\"1\">\n\t\t\t<div class=\"elementor-element elementor-element-b4f8cfc e-flex e-con-boxed e-con e-parent\" data-id=\"b4f8cfc\" data-element_type=\"container\" data-e-type=\"container\">\n\t\t\t\t\t<div class=\"e-con-inner\">\n\t\t\t\t<div class=\"elementor-element elementor-element-748ffeb elementor-widget elementor-widget-theme-post-featured-image elementor-widget-image\" data-id=\"748ffeb\" data-element_type=\"widget\" data-e-type=\"widget\" data-widget_type=\"theme-post-featured-image.default\">\n\t\t\t\t\t\t\t\t\t\t\t\t\t\t\t<img decoding=\"async\" width=\"1008\" height=\"550\" data-src=\"https:\/\/weca.al\/wp-content\/uploads\/2025\/12\/Innovative-Start-ups-350x250.jpg3_-1.png\" class=\"attachment-full size-full wp-image-1229 lazyload\" alt=\"\" data-srcset=\"https:\/\/weca.al\/wp-content\/uploads\/2025\/12\/Innovative-Start-ups-350x250.jpg3_-1.png 1008w, https:\/\/weca.al\/wp-content\/uploads\/2025\/12\/Innovative-Start-ups-350x250.jpg3_-1-300x164.png 300w, https:\/\/weca.al\/wp-content\/uploads\/2025\/12\/Innovative-Start-ups-350x250.jpg3_-1-768x419.png 768w, https:\/\/weca.al\/wp-content\/uploads\/2025\/12\/Innovative-Start-ups-350x250.jpg3_-1-18x10.png 18w\" data-sizes=\"(max-width: 1008px) 100vw, 1008px\" src=\"data:image\/svg+xml;base64,PHN2ZyB3aWR0aD0iMSIgaGVpZ2h0PSIxIiB4bWxucz0iaHR0cDovL3d3dy53My5vcmcvMjAwMC9zdmciPjwvc3ZnPg==\" style=\"--smush-placeholder-width: 1008px; --smush-placeholder-aspect-ratio: 1008\/550;\" \/>\t\t\t\t\t\t\t\t\t\t\t\t\t\t\t<\/div>\n\t\t\t\t<div class=\"elementor-element elementor-element-4761c8e elementor-widget elementor-widget-theme-post-title elementor-page-title elementor-widget-heading\" data-id=\"4761c8e\" data-element_type=\"widget\" data-e-type=\"widget\" data-widget_type=\"theme-post-title.default\">\n\t\t\t\t\t<h1 class=\"elementor-heading-title elementor-size-default\">Ecosystem Builders \u2013 Enpact &amp; GIZ<\/h1>\t\t\t\t<\/div>\n\t\t\t\t<div class=\"elementor-element elementor-element-1d729eb elementor-widget elementor-widget-theme-post-content\" data-id=\"1d729eb\" data-element_type=\"widget\" data-e-type=\"widget\" data-widget_type=\"theme-post-content.default\">\n\t\t\t\t\t\n<p>N\u00eb bashk\u00ebpunim me organizatat Enpact dhe GIZ, Dhoma po zbaton projektin q\u00eb synon forcimin e ekosistemit t\u00eb sip\u00ebrmarrjes fem\u00ebrore n\u00eb Shqip\u00ebri.<br>Ky projekt ka mund\u00ebsuar zhvillimin e tre sh\u00ebrbimeve t\u00eb reja p\u00ebr an\u00ebtaret:<br>\u00a0<br>Programi i trajnimeve me ekspert\u00eb t\u00eb fushave t\u00eb ndryshme,<br>\u00a0<br>Mentorimi nga gra sip\u00ebrmarr\u00ebse t\u00eb suksesshme p\u00ebr an\u00ebtare t\u00eb reja.<\/p>\n\t\t\t\t<\/div>\n\t\t\t\t\t<\/div>\n\t\t\t\t<\/div>\n\t\t\t\t<\/div>\n\t\t\t\t<div data-elementor-type=\"loop-item\" data-elementor-id=\"1213\" class=\"elementor elementor-1213 e-loop-item e-loop-item-1206 post-1206 post type-post status-publish format-standard has-post-thumbnail hentry category-projekte\" data-elementor-post-type=\"elementor_library\" data-custom-edit-handle=\"1\">\n\t\t\t<div class=\"elementor-element elementor-element-b4f8cfc e-flex e-con-boxed e-con e-parent\" data-id=\"b4f8cfc\" data-element_type=\"container\" data-e-type=\"container\">\n\t\t\t\t\t<div class=\"e-con-inner\">\n\t\t\t\t<div class=\"elementor-element elementor-element-748ffeb elementor-widget elementor-widget-theme-post-featured-image elementor-widget-image\" data-id=\"748ffeb\" data-element_type=\"widget\" data-e-type=\"widget\" data-widget_type=\"theme-post-featured-image.default\">\n\t\t\t\t\t\t\t\t\t\t\t\t\t\t\t<img decoding=\"async\" width=\"1008\" height=\"630\" data-src=\"https:\/\/weca.al\/wp-content\/uploads\/2025\/12\/Innovative-Start-ups-350x250.jpg2_-1.png\" class=\"attachment-full size-full wp-image-1209 lazyload\" alt=\"\" data-srcset=\"https:\/\/weca.al\/wp-content\/uploads\/2025\/12\/Innovative-Start-ups-350x250.jpg2_-1.png 1008w, https:\/\/weca.al\/wp-content\/uploads\/2025\/12\/Innovative-Start-ups-350x250.jpg2_-1-300x188.png 300w, https:\/\/weca.al\/wp-content\/uploads\/2025\/12\/Innovative-Start-ups-350x250.jpg2_-1-768x480.png 768w, https:\/\/weca.al\/wp-content\/uploads\/2025\/12\/Innovative-Start-ups-350x250.jpg2_-1-18x12.png 18w\" data-sizes=\"(max-width: 1008px) 100vw, 1008px\" src=\"data:image\/svg+xml;base64,PHN2ZyB3aWR0aD0iMSIgaGVpZ2h0PSIxIiB4bWxucz0iaHR0cDovL3d3dy53My5vcmcvMjAwMC9zdmciPjwvc3ZnPg==\" style=\"--smush-placeholder-width: 1008px; --smush-placeholder-aspect-ratio: 1008\/630;\" \/>\t\t\t\t\t\t\t\t\t\t\t\t\t\t\t<\/div>\n\t\t\t\t<div class=\"elementor-element elementor-element-4761c8e elementor-widget elementor-widget-theme-post-title elementor-page-title elementor-widget-heading\" data-id=\"4761c8e\" data-element_type=\"widget\" data-e-type=\"widget\" data-widget_type=\"theme-post-title.default\">\n\t\t\t\t\t<h1 class=\"elementor-heading-title elementor-size-default\">G-FEB \u2013 Green Transition of Female Entrepreneurs in the Balkan Region<\/h1>\t\t\t\t<\/div>\n\t\t\t\t<div class=\"elementor-element elementor-element-1d729eb elementor-widget elementor-widget-theme-post-content\" data-id=\"1d729eb\" data-element_type=\"widget\" data-e-type=\"widget\" data-widget_type=\"theme-post-content.default\">\n\t\t\t\t\t\n<p>Nga 1 Dhjetor 2023 deri m\u00eb 30 N\u00ebntor 2025. Ai zbatohet n\u00eb kuad\u00ebr t\u00eb nj\u00eb konsorciumi me 8 partner\u00eb nga vende t\u00eb ndryshme t\u00eb Ballkanit, dhe menaxhohet nga SEGE \u2013 Shoqata e Grave t\u00eb Biznesit me qend\u00ebr n\u00eb Selanik.<br>Q\u00ebllimi i projektit \u00ebsht\u00eb rritja e kapaciteteve t\u00eb trajnereve dhe grave sip\u00ebrmarr\u00ebse n\u00eb fush\u00ebn e ekonomis\u00eb s\u00eb gjelb\u00ebr, p\u00ebrmes moduleve t\u00eb trajnimeve, praktikave t\u00eb mira dhe krijimit t\u00eb nj\u00eb platforme bashk\u00ebpunimi nd\u00ebrmjet aktor\u00ebve t\u00eb interesuar p\u00ebr t\u00eb aplikuar modele t\u00eb q\u00ebndrueshme biznesi.<\/p>\n\t\t\t\t<\/div>\n\t\t\t\t\t<\/div>\n\t\t\t\t<\/div>\n\t\t\t\t<\/div>\n\t\t\t\t<\/div>\n\t\t\n\t\t\t\t\t\t<\/div>\n\t\t\t\t<\/div>\n\t\t\t\t<\/div>\n\t\t\t\t<\/div>\n\t\t\t\t<\/div>\n\t\t","protected":false},"excerpt":{"rendered":"<p>Projects<\/p>","protected":false},"author":1,"featured_media":0,"parent":0,"menu_order":0,"comment_status":"closed","ping_status":"closed","template":"elementor_header_footer","meta":{"_acf_changed":false,"footnotes":""},"class_list":["post-1203","page","type-page","status-publish","hentry"],"acf":[],"aioseo_notices":[],"jetpack_sharing_enabled":true,"_links":{"self":[{"href":"https:\/\/weca.al\/en\/wp-json\/wp\/v2\/pages\/1203","targetHints":{"allow":["GET"]}}],"collection":[{"href":"https:\/\/weca.al\/en\/wp-json\/wp\/v2\/pages"}],"about":[{"href":"https:\/\/weca.al\/en\/wp-json\/wp\/v2\/types\/page"}],"author":[{"embeddable":true,"href":"https:\/\/weca.al\/en\/wp-json\/wp\/v2\/users\/1"}],"replies":[{"embeddable":true,"href":"https:\/\/weca.al\/en\/wp-json\/wp\/v2\/comments?post=1203"}],"version-history":[{"count":22,"href":"https:\/\/weca.al\/en\/wp-json\/wp\/v2\/pages\/1203\/revisions"}],"predecessor-version":[{"id":1247,"href":"https:\/\/weca.al\/en\/wp-json\/wp\/v2\/pages\/1203\/revisions\/1247"}],"wp:attachment":[{"href":"https:\/\/weca.al\/en\/wp-json\/wp\/v2\/media?parent=1203"}],"curies":[{"name":"wp","href":"https:\/\/api.w.org\/{rel}","templated":true}]}}