{"id":1007,"date":"2025-12-05T14:44:25","date_gmt":"2025-12-05T14:44:25","guid":{"rendered":"http:\/\/3.75.194.57\/?page_id=1007"},"modified":"2025-12-09T13:30:20","modified_gmt":"2025-12-09T13:30:20","slug":"media","status":"publish","type":"page","link":"https:\/\/weca.al\/en\/media\/","title":{"rendered":"Media"},"content":{"rendered":"\t\t<div data-elementor-type=\"wp-page\" data-elementor-id=\"1007\" class=\"elementor elementor-1007\" data-elementor-post-type=\"page\">\n\t\t\t\t<div class=\"elementor-element elementor-element-750ee22 e-con-full e-flex e-con e-parent\" data-id=\"750ee22\" data-element_type=\"container\" data-e-type=\"container\">\n\t\t\t\t<div class=\"elementor-element elementor-element-ceed66c elementor-widget elementor-widget-heading\" data-id=\"ceed66c\" data-element_type=\"widget\" data-e-type=\"widget\" data-widget_type=\"heading.default\">\n\t\t\t\t\t<h2 class=\"elementor-heading-title elementor-size-default\">Media<\/h2>\t\t\t\t<\/div>\n\t\t\t\t<\/div>\n\t\t<div class=\"elementor-element elementor-element-f16ff00 e-con-full e-flex e-con e-parent\" data-id=\"f16ff00\" data-element_type=\"container\" data-e-type=\"container\">\n\t\t\t\t<div class=\"elementor-element elementor-element-0b83486 elementor-grid-2 elementor-grid-tablet-2 elementor-grid-mobile-1 elementor-widget elementor-widget-loop-grid\" data-id=\"0b83486\" data-element_type=\"widget\" data-e-type=\"widget\" data-settings=\"{&quot;template_id&quot;:1080,&quot;row_gap&quot;:{&quot;unit&quot;:&quot;px&quot;,&quot;size&quot;:20,&quot;sizes&quot;:[]},&quot;columns&quot;:2,&quot;_skin&quot;:&quot;post&quot;,&quot;columns_tablet&quot;:&quot;2&quot;,&quot;columns_mobile&quot;:&quot;1&quot;,&quot;edit_handle_selector&quot;:&quot;[data-elementor-type=\\&quot;loop-item\\&quot;]&quot;,&quot;row_gap_tablet&quot;:{&quot;unit&quot;:&quot;px&quot;,&quot;size&quot;:&quot;&quot;,&quot;sizes&quot;:[]},&quot;row_gap_mobile&quot;:{&quot;unit&quot;:&quot;px&quot;,&quot;size&quot;:&quot;&quot;,&quot;sizes&quot;:[]}}\" data-widget_type=\"loop-grid.post\">\n\t\t\t\t<div class=\"elementor-widget-container\">\n\t\t\t\t\t\t\t<div class=\"elementor-loop-container elementor-grid\" role=\"list\">\n\t\t<style id=\"loop-dynamic-1080\">.e-loop-item-1071 .elementor-element.elementor-element-6ed9952:not(.elementor-motion-effects-element-type-background), .e-loop-item-1071 .elementor-element.elementor-element-6ed9952 > .elementor-motion-effects-container > .elementor-motion-effects-layer{background-image:url(\"https:\/\/weca.al\/wp-content\/uploads\/2025\/12\/Innovative-Start-ups-350x250.jpg1_-1.png\");}<\/style><style id=\"loop-1080\">.elementor-1080 .elementor-element.elementor-element-6ed9952{--display:flex;--min-height:500px;--justify-content:flex-end;--border-radius:8px 8px 8px 8px;--padding-top:40px;--padding-bottom:40px;--padding-left:50px;--padding-right:50px;}.elementor-1080 .elementor-element.elementor-element-6ed9952:not(.elementor-motion-effects-element-type-background), .elementor-1080 .elementor-element.elementor-element-6ed9952 > .elementor-motion-effects-container > .elementor-motion-effects-layer{background-position:center center;background-repeat:no-repeat;background-size:cover;}.elementor-1080 .elementor-element.elementor-element-248028d{--display:flex;--flex-direction:row;--container-widget-width:initial;--container-widget-height:100%;--container-widget-flex-grow:1;--container-widget-align-self:stretch;--flex-wrap-mobile:wrap;--justify-content:space-between;--gap:0px 0px;--row-gap:0px;--column-gap:0px;--padding-top:0px;--padding-bottom:0px;--padding-left:0px;--padding-right:0px;}.elementor-1080 .elementor-element.elementor-element-6839b3f{--display:flex;--flex-direction:column;--container-widget-width:100%;--container-widget-height:initial;--container-widget-flex-grow:0;--container-widget-align-self:initial;--flex-wrap-mobile:wrap;--gap:30px 30px;--row-gap:30px;--column-gap:30px;--padding-top:0px;--padding-bottom:0px;--padding-left:0px;--padding-right:0px;}.elementor-1080 .elementor-element.elementor-element-ac541ba{--display:flex;--flex-direction:row;--container-widget-width:initial;--container-widget-height:100%;--container-widget-flex-grow:1;--container-widget-align-self:stretch;--flex-wrap-mobile:wrap;--gap:5px 5px;--row-gap:5px;--column-gap:5px;--padding-top:0px;--padding-bottom:0px;--padding-left:0px;--padding-right:0px;}.elementor-widget-heading .elementor-heading-title{font-family:var( --e-global-typography-primary-font-family ), Sans-serif;font-weight:var( --e-global-typography-primary-font-weight );color:var( --e-global-color-primary );}.elementor-1080 .elementor-element.elementor-element-ac6663f .elementor-heading-title{font-family:\"Exo 2\", Sans-serif;font-size:16px;font-weight:600;line-height:23px;}.elementor-1080 .elementor-element.elementor-element-45baadc .elementor-heading-title{font-family:\"Exo 2\", Sans-serif;font-size:16px;font-weight:600;line-height:23px;}.elementor-1080 .elementor-element.elementor-element-d08abf7{--display:flex;--padding-top:0px;--padding-bottom:0px;--padding-left:0px;--padding-right:0px;}.elementor-1080 .elementor-element.elementor-element-a79da54 .elementor-heading-title{font-family:\"Exo\", Sans-serif;font-size:32px;font-weight:600;line-height:32px;color:#FFFFFF;}.elementor-1080 .elementor-element.elementor-element-0bfd9cc{--display:flex;--justify-content:center;--padding-top:0px;--padding-bottom:0px;--padding-left:0px;--padding-right:0px;}.elementor-1080 .elementor-element.elementor-element-0bfd9cc.e-con{--align-self:center;}.elementor-widget-icon.elementor-view-stacked .elementor-icon{background-color:var( --e-global-color-primary );}.elementor-widget-icon.elementor-view-framed .elementor-icon, .elementor-widget-icon.elementor-view-default .elementor-icon{color:var( --e-global-color-primary );border-color:var( --e-global-color-primary );}.elementor-widget-icon.elementor-view-framed .elementor-icon, .elementor-widget-icon.elementor-view-default .elementor-icon svg{fill:var( --e-global-color-primary );}.elementor-1080 .elementor-element.elementor-element-09b7346 .elementor-icon-wrapper{text-align:center;}.elementor-1080 .elementor-element.elementor-element-09b7346.elementor-view-stacked .elementor-icon{background-color:#FFFFFF;}.elementor-1080 .elementor-element.elementor-element-09b7346.elementor-view-framed .elementor-icon, .elementor-1080 .elementor-element.elementor-element-09b7346.elementor-view-default .elementor-icon{color:#FFFFFF;border-color:#FFFFFF;}.elementor-1080 .elementor-element.elementor-element-09b7346.elementor-view-framed .elementor-icon, .elementor-1080 .elementor-element.elementor-element-09b7346.elementor-view-default .elementor-icon svg{fill:#FFFFFF;}.elementor-1080 .elementor-element.elementor-element-09b7346 .elementor-icon{font-size:22px;}.elementor-1080 .elementor-element.elementor-element-09b7346 .elementor-icon svg{height:22px;}.elementor-1080 .elementor-element.elementor-element-09b7346 .elementor-icon-wrapper svg{width:auto;}.elementor-1080 .elementor-element.elementor-element-09b7346{padding:12px 12px 7px 12px;background-color:var( --e-global-color-accent );}@media(min-width:768px){.elementor-1080 .elementor-element.elementor-element-6ed9952{--width:100%;}.elementor-1080 .elementor-element.elementor-element-6839b3f{--width:70%;}.elementor-1080 .elementor-element.elementor-element-0bfd9cc{--width:52px;}}@media(max-width:1024px){.elementor-1080 .elementor-element.elementor-element-6ed9952{--min-height:400px;--padding-top:30px;--padding-bottom:30px;--padding-left:30px;--padding-right:30px;}.elementor-1080 .elementor-element.elementor-element-6ed9952:not(.elementor-motion-effects-element-type-background), .elementor-1080 .elementor-element.elementor-element-6ed9952 > .elementor-motion-effects-container > .elementor-motion-effects-layer{background-size:cover;}.elementor-1080 .elementor-element.elementor-element-ac6663f .elementor-heading-title{font-size:15px;}.elementor-1080 .elementor-element.elementor-element-45baadc .elementor-heading-title{font-size:15px;}.elementor-1080 .elementor-element.elementor-element-a79da54 .elementor-heading-title{font-size:26px;}.elementor-1080 .elementor-element.elementor-element-09b7346 .elementor-icon{font-size:20px;}.elementor-1080 .elementor-element.elementor-element-09b7346 .elementor-icon svg{height:20px;}.elementor-1080 .elementor-element.elementor-element-09b7346{padding:8px 8px 5px 8px;}}@media(max-width:767px){.elementor-1080 .elementor-element.elementor-element-6ed9952{--padding-top:20px;--padding-bottom:20px;--padding-left:20px;--padding-right:20px;}}<\/style>\t\t<div data-elementor-type=\"loop-item\" data-elementor-id=\"1080\" class=\"elementor elementor-1080 e-loop-item e-loop-item-1071 post-1071 post type-post status-publish format-standard has-post-thumbnail hentry category-media\" data-elementor-post-type=\"elementor_library\" data-custom-edit-handle=\"1\">\n\t\t\t<div class=\"elementor-element elementor-element-6ed9952 e-con-full e-flex e-con e-parent\" data-id=\"6ed9952\" data-element_type=\"container\" data-e-type=\"container\" data-settings=\"{&quot;background_background&quot;:&quot;classic&quot;}\">\n\t\t<div class=\"elementor-element elementor-element-248028d e-con-full e-flex e-con e-child\" data-id=\"248028d\" data-element_type=\"container\" data-e-type=\"container\">\n\t\t<div class=\"elementor-element elementor-element-6839b3f e-con-full e-flex e-con e-child\" data-id=\"6839b3f\" data-element_type=\"container\" data-e-type=\"container\">\n\t\t<div class=\"elementor-element elementor-element-ac541ba e-con-full e-flex e-con e-child\" data-id=\"ac541ba\" data-element_type=\"container\" data-e-type=\"container\">\n\t\t\t\t<div class=\"elementor-element elementor-element-ac6663f elementor-widget elementor-widget-heading\" data-id=\"ac6663f\" data-element_type=\"widget\" data-e-type=\"widget\" data-widget_type=\"heading.default\">\n\t\t\t\t\t<h2 class=\"elementor-heading-title elementor-size-default\">Published in : <\/h2>\t\t\t\t<\/div>\n\t\t\t\t<div class=\"elementor-element elementor-element-45baadc elementor-widget elementor-widget-heading\" data-id=\"45baadc\" data-element_type=\"widget\" data-e-type=\"widget\" data-widget_type=\"heading.default\">\n\t\t\t\t\t<h2 class=\"elementor-heading-title elementor-size-default\">05\/12\/2025<\/h2>\t\t\t\t<\/div>\n\t\t\t\t<\/div>\n\t\t<div class=\"elementor-element elementor-element-d08abf7 e-con-full e-flex e-con e-child\" data-id=\"d08abf7\" data-element_type=\"container\" data-e-type=\"container\">\n\t\t\t\t<div class=\"elementor-element elementor-element-a79da54 elementor-widget elementor-widget-heading\" data-id=\"a79da54\" data-element_type=\"widget\" data-e-type=\"widget\" data-widget_type=\"heading.default\">\n\t\t\t\t\t<h2 class=\"elementor-heading-title elementor-size-default\"><a href=\"https:\/\/weca.al\/en\/2025\/12\/05\/women-innovative-start-ups-2\/\">\u201cWomen Innovative Start-ups\u201d<\/a><\/h2>\t\t\t\t<\/div>\n\t\t\t\t<\/div>\n\t\t\t\t<\/div>\n\t\t<div class=\"elementor-element elementor-element-0bfd9cc e-con-full e-flex e-con e-child\" data-id=\"0bfd9cc\" data-element_type=\"container\" data-e-type=\"container\">\n\t\t\t\t<div class=\"elementor-element elementor-element-09b7346 elementor-view-default elementor-widget elementor-widget-icon\" data-id=\"09b7346\" data-element_type=\"widget\" data-e-type=\"widget\" data-widget_type=\"icon.default\">\n\t\t\t\t\t\t\t<div class=\"elementor-icon-wrapper\">\n\t\t\t<a class=\"elementor-icon\" href=\"https:\/\/weca.al\/en\/2025\/12\/05\/women-innovative-start-ups-2\/\">\n\t\t\t<svg xmlns=\"http:\/\/www.w3.org\/2000\/svg\" width=\"61\" height=\"61\" viewBox=\"0 0 61 61\" fill=\"none\"><path d=\"M0.707031 49.957L37.2499 13.4129H1.592V0.5H59.7053V58.6133H46.7917V22.9559L10.2494 59.4982L0.707031 49.957Z\" stroke=\"white\"><\/path><\/svg>\t\t\t<\/a>\n\t\t<\/div>\n\t\t\t\t\t\t<\/div>\n\t\t\t\t<\/div>\n\t\t\t\t<\/div>\n\t\t\t\t<\/div>\n\t\t\t\t<\/div>\n\t\t<style id=\"loop-dynamic-1080\">.e-loop-item-1072 .elementor-element.elementor-element-6ed9952:not(.elementor-motion-effects-element-type-background), .e-loop-item-1072 .elementor-element.elementor-element-6ed9952 > .elementor-motion-effects-container > .elementor-motion-effects-layer{background-image:url(\"https:\/\/weca.al\/wp-content\/uploads\/2025\/12\/Innovative-Start-ups-350x250.jpg1_-1.png\");}<\/style>\t\t<div data-elementor-type=\"loop-item\" data-elementor-id=\"1080\" class=\"elementor elementor-1080 e-loop-item e-loop-item-1072 post-1072 post type-post status-publish format-standard has-post-thumbnail hentry category-media\" data-elementor-post-type=\"elementor_library\" data-custom-edit-handle=\"1\">\n\t\t\t<div class=\"elementor-element elementor-element-6ed9952 e-con-full e-flex e-con e-parent\" data-id=\"6ed9952\" data-element_type=\"container\" data-e-type=\"container\" data-settings=\"{&quot;background_background&quot;:&quot;classic&quot;}\">\n\t\t<div class=\"elementor-element elementor-element-248028d e-con-full e-flex e-con e-child\" data-id=\"248028d\" data-element_type=\"container\" data-e-type=\"container\">\n\t\t<div class=\"elementor-element elementor-element-6839b3f e-con-full e-flex e-con e-child\" data-id=\"6839b3f\" data-element_type=\"container\" data-e-type=\"container\">\n\t\t<div class=\"elementor-element elementor-element-ac541ba e-con-full e-flex e-con e-child\" data-id=\"ac541ba\" data-element_type=\"container\" data-e-type=\"container\">\n\t\t\t\t<div class=\"elementor-element elementor-element-ac6663f elementor-widget elementor-widget-heading\" data-id=\"ac6663f\" data-element_type=\"widget\" data-e-type=\"widget\" data-widget_type=\"heading.default\">\n\t\t\t\t\t<h2 class=\"elementor-heading-title elementor-size-default\">Published in : <\/h2>\t\t\t\t<\/div>\n\t\t\t\t<div class=\"elementor-element elementor-element-45baadc elementor-widget elementor-widget-heading\" data-id=\"45baadc\" data-element_type=\"widget\" data-e-type=\"widget\" data-widget_type=\"heading.default\">\n\t\t\t\t\t<h2 class=\"elementor-heading-title elementor-size-default\">05\/12\/2025<\/h2>\t\t\t\t<\/div>\n\t\t\t\t<\/div>\n\t\t<div class=\"elementor-element elementor-element-d08abf7 e-con-full e-flex e-con e-child\" data-id=\"d08abf7\" data-element_type=\"container\" data-e-type=\"container\">\n\t\t\t\t<div class=\"elementor-element elementor-element-a79da54 elementor-widget elementor-widget-heading\" data-id=\"a79da54\" data-element_type=\"widget\" data-e-type=\"widget\" data-widget_type=\"heading.default\">\n\t\t\t\t\t<h2 class=\"elementor-heading-title elementor-size-default\"><a href=\"https:\/\/weca.al\/en\/2025\/12\/05\/ardeta-koci-suksesi-nuk-eshte-kurre-i-rastesishem-2\/\">Ardeta Ko\u00e7i: Suksesi nuk \u00ebsht\u00eb kurr\u00eb i rast\u00ebsish\u00ebm!<\/a><\/h2>\t\t\t\t<\/div>\n\t\t\t\t<\/div>\n\t\t\t\t<\/div>\n\t\t<div class=\"elementor-element elementor-element-0bfd9cc e-con-full e-flex e-con e-child\" data-id=\"0bfd9cc\" data-element_type=\"container\" data-e-type=\"container\">\n\t\t\t\t<div class=\"elementor-element elementor-element-09b7346 elementor-view-default elementor-widget elementor-widget-icon\" data-id=\"09b7346\" data-element_type=\"widget\" data-e-type=\"widget\" data-widget_type=\"icon.default\">\n\t\t\t\t\t\t\t<div class=\"elementor-icon-wrapper\">\n\t\t\t<a class=\"elementor-icon\" href=\"https:\/\/weca.al\/en\/2025\/12\/05\/ardeta-koci-suksesi-nuk-eshte-kurre-i-rastesishem-2\/\">\n\t\t\t<svg xmlns=\"http:\/\/www.w3.org\/2000\/svg\" width=\"61\" height=\"61\" viewBox=\"0 0 61 61\" fill=\"none\"><path d=\"M0.707031 49.957L37.2499 13.4129H1.592V0.5H59.7053V58.6133H46.7917V22.9559L10.2494 59.4982L0.707031 49.957Z\" stroke=\"white\"><\/path><\/svg>\t\t\t<\/a>\n\t\t<\/div>\n\t\t\t\t\t\t<\/div>\n\t\t\t\t<\/div>\n\t\t\t\t<\/div>\n\t\t\t\t<\/div>\n\t\t\t\t<\/div>\n\t\t<style id=\"loop-dynamic-1080\">.e-loop-item-1073 .elementor-element.elementor-element-6ed9952:not(.elementor-motion-effects-element-type-background), .e-loop-item-1073 .elementor-element.elementor-element-6ed9952 > .elementor-motion-effects-container > .elementor-motion-effects-layer{background-image:url(\"https:\/\/weca.al\/wp-content\/uploads\/2025\/12\/Innovative-Start-ups-350x250.jpg1_-1.png\");}<\/style>\t\t<div data-elementor-type=\"loop-item\" data-elementor-id=\"1080\" class=\"elementor elementor-1080 e-loop-item e-loop-item-1073 post-1073 post type-post status-publish format-standard has-post-thumbnail hentry category-media\" data-elementor-post-type=\"elementor_library\" data-custom-edit-handle=\"1\">\n\t\t\t<div class=\"elementor-element elementor-element-6ed9952 e-con-full e-flex e-con e-parent\" data-id=\"6ed9952\" data-element_type=\"container\" data-e-type=\"container\" data-settings=\"{&quot;background_background&quot;:&quot;classic&quot;}\">\n\t\t<div class=\"elementor-element elementor-element-248028d e-con-full e-flex e-con e-child\" data-id=\"248028d\" data-element_type=\"container\" data-e-type=\"container\">\n\t\t<div class=\"elementor-element elementor-element-6839b3f e-con-full e-flex e-con e-child\" data-id=\"6839b3f\" data-element_type=\"container\" data-e-type=\"container\">\n\t\t<div class=\"elementor-element elementor-element-ac541ba e-con-full e-flex e-con e-child\" data-id=\"ac541ba\" data-element_type=\"container\" data-e-type=\"container\">\n\t\t\t\t<div class=\"elementor-element elementor-element-ac6663f elementor-widget elementor-widget-heading\" data-id=\"ac6663f\" data-element_type=\"widget\" data-e-type=\"widget\" data-widget_type=\"heading.default\">\n\t\t\t\t\t<h2 class=\"elementor-heading-title elementor-size-default\">Published in : <\/h2>\t\t\t\t<\/div>\n\t\t\t\t<div class=\"elementor-element elementor-element-45baadc elementor-widget elementor-widget-heading\" data-id=\"45baadc\" data-element_type=\"widget\" data-e-type=\"widget\" data-widget_type=\"heading.default\">\n\t\t\t\t\t<h2 class=\"elementor-heading-title elementor-size-default\">05\/12\/2025<\/h2>\t\t\t\t<\/div>\n\t\t\t\t<\/div>\n\t\t<div class=\"elementor-element elementor-element-d08abf7 e-con-full e-flex e-con e-child\" data-id=\"d08abf7\" data-element_type=\"container\" data-e-type=\"container\">\n\t\t\t\t<div class=\"elementor-element elementor-element-a79da54 elementor-widget elementor-widget-heading\" data-id=\"a79da54\" data-element_type=\"widget\" data-e-type=\"widget\" data-widget_type=\"heading.default\">\n\t\t\t\t\t<h2 class=\"elementor-heading-title elementor-size-default\"><a href=\"https:\/\/weca.al\/en\/2025\/12\/05\/alma-spathara-albanian-rafting-zgjedh-te-sfidoj-veten-grate-munden-2\/\">Alma Spathara, Albanian Rafting: Zgjedh t\u00eb sfidoj veten, grat\u00eb munden.<\/a><\/h2>\t\t\t\t<\/div>\n\t\t\t\t<\/div>\n\t\t\t\t<\/div>\n\t\t<div class=\"elementor-element elementor-element-0bfd9cc e-con-full e-flex e-con e-child\" data-id=\"0bfd9cc\" data-element_type=\"container\" data-e-type=\"container\">\n\t\t\t\t<div class=\"elementor-element elementor-element-09b7346 elementor-view-default elementor-widget elementor-widget-icon\" data-id=\"09b7346\" data-element_type=\"widget\" data-e-type=\"widget\" data-widget_type=\"icon.default\">\n\t\t\t\t\t\t\t<div class=\"elementor-icon-wrapper\">\n\t\t\t<a class=\"elementor-icon\" href=\"https:\/\/weca.al\/en\/2025\/12\/05\/alma-spathara-albanian-rafting-zgjedh-te-sfidoj-veten-grate-munden-2\/\">\n\t\t\t<svg xmlns=\"http:\/\/www.w3.org\/2000\/svg\" width=\"61\" height=\"61\" viewBox=\"0 0 61 61\" fill=\"none\"><path d=\"M0.707031 49.957L37.2499 13.4129H1.592V0.5H59.7053V58.6133H46.7917V22.9559L10.2494 59.4982L0.707031 49.957Z\" stroke=\"white\"><\/path><\/svg>\t\t\t<\/a>\n\t\t<\/div>\n\t\t\t\t\t\t<\/div>\n\t\t\t\t<\/div>\n\t\t\t\t<\/div>\n\t\t\t\t<\/div>\n\t\t\t\t<\/div>\n\t\t<style id=\"loop-dynamic-1080\">.e-loop-item-1068 .elementor-element.elementor-element-6ed9952:not(.elementor-motion-effects-element-type-background), .e-loop-item-1068 .elementor-element.elementor-element-6ed9952 > .elementor-motion-effects-container > .elementor-motion-effects-layer{background-image:url(\"https:\/\/weca.al\/wp-content\/uploads\/2025\/12\/Innovative-Start-ups-350x250.jpg1_-1.png\");}<\/style>\t\t<div data-elementor-type=\"loop-item\" data-elementor-id=\"1080\" class=\"elementor elementor-1080 e-loop-item e-loop-item-1068 post-1068 post type-post status-publish format-standard has-post-thumbnail hentry category-media\" data-elementor-post-type=\"elementor_library\" data-custom-edit-handle=\"1\">\n\t\t\t<div class=\"elementor-element elementor-element-6ed9952 e-con-full e-flex e-con e-parent\" data-id=\"6ed9952\" data-element_type=\"container\" data-e-type=\"container\" data-settings=\"{&quot;background_background&quot;:&quot;classic&quot;}\">\n\t\t<div class=\"elementor-element elementor-element-248028d e-con-full e-flex e-con e-child\" data-id=\"248028d\" data-element_type=\"container\" data-e-type=\"container\">\n\t\t<div class=\"elementor-element elementor-element-6839b3f e-con-full e-flex e-con e-child\" data-id=\"6839b3f\" data-element_type=\"container\" data-e-type=\"container\">\n\t\t<div class=\"elementor-element elementor-element-ac541ba e-con-full e-flex e-con e-child\" data-id=\"ac541ba\" data-element_type=\"container\" data-e-type=\"container\">\n\t\t\t\t<div class=\"elementor-element elementor-element-ac6663f elementor-widget elementor-widget-heading\" data-id=\"ac6663f\" data-element_type=\"widget\" data-e-type=\"widget\" data-widget_type=\"heading.default\">\n\t\t\t\t\t<h2 class=\"elementor-heading-title elementor-size-default\">Published in : <\/h2>\t\t\t\t<\/div>\n\t\t\t\t<div class=\"elementor-element elementor-element-45baadc elementor-widget elementor-widget-heading\" data-id=\"45baadc\" data-element_type=\"widget\" data-e-type=\"widget\" data-widget_type=\"heading.default\">\n\t\t\t\t\t<h2 class=\"elementor-heading-title elementor-size-default\">05\/12\/2025<\/h2>\t\t\t\t<\/div>\n\t\t\t\t<\/div>\n\t\t<div class=\"elementor-element elementor-element-d08abf7 e-con-full e-flex e-con e-child\" data-id=\"d08abf7\" data-element_type=\"container\" data-e-type=\"container\">\n\t\t\t\t<div class=\"elementor-element elementor-element-a79da54 elementor-widget elementor-widget-heading\" data-id=\"a79da54\" data-element_type=\"widget\" data-e-type=\"widget\" data-widget_type=\"heading.default\">\n\t\t\t\t\t<h2 class=\"elementor-heading-title elementor-size-default\"><a href=\"https:\/\/weca.al\/en\/2025\/12\/05\/puno-fort-dhe-me-pasion-mesazhi-i-suzana-numanit-per-te-rinjte-dhe-nxenesit-e-shkolles-numani-2\/\">Puno fort dhe me pasion.Mesazhi i Suzana Numanit p\u00ebr t\u00eb rinjt\u00eb dhe nx\u00ebn\u00ebsit e shkoll\u00ebs Numani<\/a><\/h2>\t\t\t\t<\/div>\n\t\t\t\t<\/div>\n\t\t\t\t<\/div>\n\t\t<div class=\"elementor-element elementor-element-0bfd9cc e-con-full e-flex e-con e-child\" data-id=\"0bfd9cc\" data-element_type=\"container\" data-e-type=\"container\">\n\t\t\t\t<div class=\"elementor-element elementor-element-09b7346 elementor-view-default elementor-widget elementor-widget-icon\" data-id=\"09b7346\" data-element_type=\"widget\" data-e-type=\"widget\" data-widget_type=\"icon.default\">\n\t\t\t\t\t\t\t<div class=\"elementor-icon-wrapper\">\n\t\t\t<a class=\"elementor-icon\" href=\"https:\/\/weca.al\/en\/2025\/12\/05\/puno-fort-dhe-me-pasion-mesazhi-i-suzana-numanit-per-te-rinjte-dhe-nxenesit-e-shkolles-numani-2\/\">\n\t\t\t<svg xmlns=\"http:\/\/www.w3.org\/2000\/svg\" width=\"61\" height=\"61\" viewBox=\"0 0 61 61\" fill=\"none\"><path d=\"M0.707031 49.957L37.2499 13.4129H1.592V0.5H59.7053V58.6133H46.7917V22.9559L10.2494 59.4982L0.707031 49.957Z\" stroke=\"white\"><\/path><\/svg>\t\t\t<\/a>\n\t\t<\/div>\n\t\t\t\t\t\t<\/div>\n\t\t\t\t<\/div>\n\t\t\t\t<\/div>\n\t\t\t\t<\/div>\n\t\t\t\t<\/div>\n\t\t\t\t<\/div>\n\t\t\n\t\t\t\t\t\t<\/div>\n\t\t\t\t<\/div>\n\t\t\t\t<\/div>\n\t\t\t\t<\/div>\n\t\t","protected":false},"excerpt":{"rendered":"<p>Media<\/p>","protected":false},"author":1,"featured_media":0,"parent":0,"menu_order":0,"comment_status":"closed","ping_status":"closed","template":"elementor_header_footer","meta":{"_acf_changed":false,"footnotes":""},"class_list":["post-1007","page","type-page","status-publish","hentry"],"acf":[],"aioseo_notices":[],"jetpack_sharing_enabled":true,"_links":{"self":[{"href":"https:\/\/weca.al\/en\/wp-json\/wp\/v2\/pages\/1007","targetHints":{"allow":["GET"]}}],"collection":[{"href":"https:\/\/weca.al\/en\/wp-json\/wp\/v2\/pages"}],"about":[{"href":"https:\/\/weca.al\/en\/wp-json\/wp\/v2\/types\/page"}],"author":[{"embeddable":true,"href":"https:\/\/weca.al\/en\/wp-json\/wp\/v2\/users\/1"}],"replies":[{"embeddable":true,"href":"https:\/\/weca.al\/en\/wp-json\/wp\/v2\/comments?post=1007"}],"version-history":[{"count":28,"href":"https:\/\/weca.al\/en\/wp-json\/wp\/v2\/pages\/1007\/revisions"}],"predecessor-version":[{"id":8104,"href":"https:\/\/weca.al\/en\/wp-json\/wp\/v2\/pages\/1007\/revisions\/8104"}],"wp:attachment":[{"href":"https:\/\/weca.al\/en\/wp-json\/wp\/v2\/media?parent=1007"}],"curies":[{"name":"wp","href":"https:\/\/api.w.org\/{rel}","templated":true}]}}